{"id":66,"date":"2023-01-11T15:50:12","date_gmt":"2023-01-11T15:50:12","guid":{"rendered":"https:\/\/dr-schleicher.staging.hrnetzwerk.de\/?page_id=66"},"modified":"2023-01-25T15:00:45","modified_gmt":"2023-01-25T15:00:45","slug":"team","status":"publish","type":"page","link":"https:\/\/dr-schleicher.staging.hrnetzwerk.de\/index.php\/team\/","title":{"rendered":"Team"},"content":{"rendered":"<p>[et_pb_section fb_built=&#8220;1&#8243; admin_label=&#8220;Hero&#8220; _builder_version=&#8220;4.19.4&#8243; background_color=&#8220;#084666&#8243; use_background_color_gradient=&#8220;on&#8220; background_color_gradient_direction=&#8220;170deg&#8220; background_color_gradient_stops=&#8220;#002e4f 1%|rgba(8,70,102,0.8) 100%&#8220; background_color_gradient_overlays_image=&#8220;on&#8220; background_color_gradient_start=&#8220;#002e4f&#8220; background_color_gradient_start_position=&#8220;1%&#8220; background_color_gradient_end=&#8220;rgba(8,70,102,0.8)&#8220; background_image=&#8220;http:\/\/dr-schleicher.staging.hrnetzwerk.de\/wp-content\/uploads\/2023\/01\/planning-ge3e1dc766_1920.jpg&#8220; custom_padding=&#8220;|||&#8220; hover_enabled=&#8220;0&#8243; global_colors_info=&#8220;{}&#8220; theme_builder_area=&#8220;post_content&#8220; title_text=&#8220;planning-ge3e1dc766_1920&#8243; sticky_enabled=&#8220;0&#8243;][et_pb_row _builder_version=&#8220;4.16&#8243; background_size=&#8220;initial&#8220; background_position=&#8220;top_left&#8220; background_repeat=&#8220;repeat&#8220; custom_padding=&#8220;2px|0px|20px|0px|false|false&#8220; global_colors_info=&#8220;{}&#8220; theme_builder_area=&#8220;post_content&#8220;][et_pb_column type=&#8220;4_4&#8243; _builder_version=&#8220;4.16&#8243; custom_padding=&#8220;|||&#8220; global_colors_info=&#8220;{}&#8220; custom_padding__hover=&#8220;|||&#8220; theme_builder_area=&#8220;post_content&#8220;][et_pb_text _builder_version=&#8220;4.19.4&#8243; text_font=&#8220;||||||||&#8220; text_font_size=&#8220;20px&#8220; text_line_height=&#8220;1.8em&#8220; header_font=&#8220;Open Sans|800|||||||&#8220; header_font_size=&#8220;60px&#8220; header_line_height=&#8220;1.3em&#8220; background_size=&#8220;initial&#8220; background_position=&#8220;top_left&#8220; background_repeat=&#8220;repeat&#8220; background_layout=&#8220;dark&#8220; custom_margin=&#8220;|-75px||||&#8220; custom_margin_tablet=&#8220;|100px||&#8220; custom_margin_phone=&#8220;|30px||&#8220; custom_margin_last_edited=&#8220;off|desktop&#8220; header_font_size_tablet=&#8220;50px&#8220; header_font_size_phone=&#8220;40px&#8220; header_font_size_last_edited=&#8220;on|phone&#8220; header_line_height_tablet=&#8220;&#8220; header_line_height_phone=&#8220;&#8220; header_line_height_last_edited=&#8220;on|desktop&#8220; global_colors_info=&#8220;{}&#8220; theme_builder_area=&#8220;post_content&#8220; custom_padding=&#8220;||1px|||&#8220;]<\/p>\n<h1>Team<\/h1>\n<p>[\/et_pb_text][\/et_pb_column][\/et_pb_row][et_pb_row use_custom_gutter=&#8220;on&#8220; _builder_version=&#8220;4.19.4&#8243; background_color=&#8220;#4e7c97&#8243; background_image=&#8220;http:\/\/dr-schleicher.staging.hrnetzwerk.de\/wp-content\/uploads\/2023\/01\/Accountant-Image-38.png&#8220; custom_margin=&#8220;||1px||false|false&#8220; custom_padding=&#8220;29px|4%|29px|4%|true|true&#8220; animation_style=&#8220;slide&#8220; animation_direction=&#8220;right&#8220; animation_delay=&#8220;200ms&#8220; animation_intensity_slide=&#8220;10%&#8220; global_colors_info=&#8220;{}&#8220; theme_builder_area=&#8220;post_content&#8220;][et_pb_column type=&#8220;4_4&#8243; _builder_version=&#8220;4.16&#8243; custom_padding=&#8220;|||&#8220; global_colors_info=&#8220;{}&#8220; custom_padding__hover=&#8220;|||&#8220; theme_builder_area=&#8220;post_content&#8220;][et_pb_text _builder_version=&#8220;4.19.4&#8243; _module_preset=&#8220;default&#8220; theme_builder_area=&#8220;post_content&#8220; header_2_font=&#8220;|700|||||||&#8220; header_2_font_size=&#8220;35px&#8220; header_2_text_color=&#8220;#FFFFFF&#8220; header_2_letter_spacing=&#8220;2px&#8220; header_2_text_shadow_style=&#8220;preset2&#8243; hover_enabled=&#8220;0&#8243; sticky_enabled=&#8220;0&#8243;]<\/p>\n<h2 style=\"text-align: center;\">Gesch\u00e4ftsf\u00fchrung<\/h2>\n<p>[\/et_pb_text][et_pb_text _builder_version=&#8220;4.19.4&#8243; _module_preset=&#8220;default&#8220; theme_builder_area=&#8220;post_content&#8220; text_text_color=&#8220;#000000&#8243; text_font_size=&#8220;18px&#8220; hover_enabled=&#8220;0&#8243; sticky_enabled=&#8220;0&#8243; header_text_color=&#8220;#FFFFFF&#8220; header_3_text_color=&#8220;#FFFFFF&#8220;]<\/p>\n<div class=\"col-sm-6\">\n<div class=\"ccm-custom-style-container ccm-custom-style-hauptinhalt45-579\">\n<h3><strong>Diplom-Geologe Andreas Beunink<br \/><\/strong><\/h3>\n<p>Firmenzugeh\u00f6rigkeit seit 1999<\/p>\n<p><strong>Arbeitsschwerpunkte\u00a0<\/strong><br \/>Baugrundgutachten, Erd- \/ Stra\u00dfen- \/ Leitungsbau, Hydrogeologie, Altlasten, Bauschadstoffkataster, Abfallwirtschaft<\/p>\n<h3><strong><br \/>M.Sc. Geow. Thomas Helmes<br \/><\/strong><\/h3>\n<p><strong><\/strong>Firmenzugeh\u00f6rigkeit seit 2014<\/p>\n<p><strong>Arbeitsschwerpunkte<\/strong><br \/>Altlasten, Bauschadstoffuntersuchungen, Abfallwirtschaft,\u00a0 Verwertungsuntersuchungen, Ausschreibungen, gutachterliche Baubegleitung und Dokumentation von Abbruch- und Sanierungsma\u00dfnahmen<\/p>\n<\/div>\n<\/div>\n<div class=\"col-sm-6\">\n<div class=\"ccm-custom-style-container ccm-custom-style-hauptinhalt46-555\">\n<ul><\/ul>\n<h3><strong>M.Sc. Geow. Kai Niland<br \/><\/strong><\/h3>\n<p><strong><\/strong>Firmenzugeh\u00f6rigkeit seit 2014<\/p>\n<p><strong>Arbeitsschwerpunkte<br \/><\/strong>Baugrundgutachten, Hydrogeologie,\u00a0 Gr\u00fcndungsgutachten \/ Gr\u00fcndungsberatung (u.a. Windenergieanlagen), Erd- und Stra\u00dfenbau, Schie\u00dfst\u00e4nde (Altlastenerkundung)<\/p>\n<\/div>\n<\/div>\n<p>&nbsp;<\/p>\n<p>[\/et_pb_text][\/et_pb_column][\/et_pb_row][\/et_pb_section][et_pb_section fb_built=&#8220;1&#8243; theme_builder_area=&#8220;post_content&#8220; _builder_version=&#8220;4.19.4&#8243; _module_preset=&#8220;default&#8220; custom_padding=&#8220;2px||3px|||&#8220; background_color=&#8220;#4e7c97&#8243; hover_enabled=&#8220;0&#8243; sticky_enabled=&#8220;0&#8243;][et_pb_row _builder_version=&#8220;4.19.4&#8243; _module_preset=&#8220;default&#8220; column_structure=&#8220;1_2,1_4,1_4&#8243; theme_builder_area=&#8220;post_content&#8220; width=&#8220;100%&#8220; max_width=&#8220;2560px&#8220; hover_enabled=&#8220;0&#8243; sticky_enabled=&#8220;0&#8243; custom_padding=&#8220;0px||0px|||&#8220;][et_pb_column _builder_version=&#8220;4.19.4&#8243; _module_preset=&#8220;default&#8220; type=&#8220;1_2&#8243; theme_builder_area=&#8220;post_content&#8220;][et_pb_image src=&#8220;http:\/\/dr-schleicher.staging.hrnetzwerk.de\/wp-content\/uploads\/2023\/01\/hands-g397373932_1920-1.png&#8220; _builder_version=&#8220;4.19.4&#8243; _module_preset=&#8220;default&#8220; theme_builder_area=&#8220;post_content&#8220; title_text=&#8220;hands-g397373932_1920&#8243; hover_enabled=&#8220;0&#8243; sticky_enabled=&#8220;0&#8243; custom_margin=&#8220;|-251px||||&#8220;][\/et_pb_image][\/et_pb_column][et_pb_column _builder_version=&#8220;4.19.4&#8243; _module_preset=&#8220;default&#8220; type=&#8220;1_4&#8243; theme_builder_area=&#8220;post_content&#8220;][et_pb_text _builder_version=&#8220;4.19.4&#8243; text_font=&#8220;||||||||&#8220; text_font_size=&#8220;16px&#8220; text_line_height=&#8220;2em&#8220; link_font=&#8220;||||on||||&#8220; header_font=&#8220;||||||||&#8220; header_2_font=&#8220;||||||||&#8220; header_3_font=&#8220;Montserrat|600|||||||&#8220; header_3_line_height=&#8220;1.5em&#8220; background_layout=&#8220;dark&#8220; custom_margin_tablet=&#8220;20px||0px|0px&#8220; hover_enabled=&#8220;0&#8243; header_2_font_size_tablet=&#8220;30px&#8220; header_2_font_size_phone=&#8220;20px&#8220; header_2_font_size_last_edited=&#8220;off|desktop&#8220; locked=&#8220;off&#8220; global_colors_info=&#8220;{}&#8220; theme_builder_area=&#8220;post_content&#8220; sticky_enabled=&#8220;0&#8243; custom_padding=&#8220;8px|5px|1px|173px||&#8220; custom_margin=&#8220;|-87px||||&#8220;]<\/p>\n<div class=\"col-md-12\">\n<div class=\"container\">\n<div class=\"row\">\n<div class=\"col-sm-12\">\n<div class=\"row\">\n<div class=\"col-sm-6\">\n<div class=\"ccm-custom-style-container ccm-custom-style-hauptinhalt45-579\">\n<h2>Projektleitung<\/h2>\n<p>M.Sc. Geow. Klaus Schwermann<br \/>M.Sc. angew. Sebastian Schmor<br \/>M.Sc. Wasserw.\u00a0Maj-Britt Ottenjann<br \/>M.Sc. Geow. Sylwia Sandner<br \/>Helmut Ranters<br \/>Philip Wilmes<strong><\/strong><\/p>\n<h2>Sekretariat<\/h2>\n<p>Svetlana Hom\u00f6lle<\/p>\n<\/div>\n<h2 class=\"ccm-custom-style-container ccm-custom-style-hauptinhalt45-579\">Buchhaltung<\/h2>\n<div class=\"ccm-custom-style-container ccm-custom-style-hauptinhalt45-579\">\n<p>Birgit Strauch<\/p>\n<\/div>\n<h2 class=\"ccm-custom-style-container ccm-custom-style-hauptinhalt45-579\"><\/h2>\n<\/div>\n<\/div>\n<\/div>\n<\/div>\n<\/div>\n<\/div>\n<p>[\/et_pb_text][\/et_pb_column][et_pb_column _builder_version=&#8220;4.19.4&#8243; _module_preset=&#8220;default&#8220; type=&#8220;1_4&#8243; theme_builder_area=&#8220;post_content&#8220;][et_pb_text _builder_version=&#8220;4.19.4&#8243; text_font=&#8220;||||||||&#8220; text_font_size=&#8220;16px&#8220; text_line_height=&#8220;2em&#8220; link_font=&#8220;||||on||||&#8220; header_font=&#8220;||||||||&#8220; header_2_font=&#8220;||||||||&#8220; header_3_font=&#8220;Montserrat|600|||||||&#8220; header_3_line_height=&#8220;1.5em&#8220; background_layout=&#8220;dark&#8220; custom_margin_tablet=&#8220;20px||0px|0px&#8220; hover_enabled=&#8220;0&#8243; header_2_font_size_tablet=&#8220;30px&#8220; header_2_font_size_phone=&#8220;20px&#8220; header_2_font_size_last_edited=&#8220;off|desktop&#8220; locked=&#8220;off&#8220; global_colors_info=&#8220;{}&#8220; theme_builder_area=&#8220;post_content&#8220; sticky_enabled=&#8220;0&#8243; custom_padding=&#8220;39px|||||&#8220;]<\/p>\n<div class=\"col-md-12\">\n<div class=\"container\">\n<div class=\"row\">\n<div class=\"col-sm-12\">\n<div class=\"row\">\n<div class=\"col-sm-6\">\n<div class=\"ccm-custom-style-container ccm-custom-style-hauptinhalt45-579\">\n<p>&nbsp;<\/p>\n<\/div>\n<h2 class=\"ccm-custom-style-container ccm-custom-style-hauptinhalt45-579\">Zeichenabteilung<\/h2>\n<div class=\"ccm-custom-style-container ccm-custom-style-hauptinhalt45-579\">\n<p>Helmut Ranters<br \/>Toni Hufenbecher<\/p>\n<h2>Geotechnische Dienste und Labor<\/h2>\n<p>Mirco Strauch<br \/>Andre Hogelucht<br \/>Andre Walter<br \/>Abdullah Hochan<br \/>Alaa Dah<\/p>\n<\/div>\n<\/div>\n<\/div>\n<\/div>\n<\/div>\n<\/div>\n<\/div>\n<p>[\/et_pb_text][\/et_pb_column][\/et_pb_row][\/et_pb_section]<\/p>\n","protected":false},"excerpt":{"rendered":"<p>TeamGesch\u00e4ftsf\u00fchrung Diplom-Geologe Andreas Beunink Firmenzugeh\u00f6rigkeit seit 1999 Arbeitsschwerpunkte\u00a0Baugrundgutachten, Erd- \/ Stra\u00dfen- \/ Leitungsbau, Hydrogeologie, Altlasten, Bauschadstoffkataster, Abfallwirtschaft M.Sc. Geow. Thomas Helmes Firmenzugeh\u00f6rigkeit seit 2014 ArbeitsschwerpunkteAltlasten, Bauschadstoffuntersuchungen, Abfallwirtschaft,\u00a0 Verwertungsuntersuchungen, Ausschreibungen, gutachterliche Baubegleitung und Dokumentation von Abbruch- und Sanierungsma\u00dfnahmen M.Sc. Geow. Kai Niland Firmenzugeh\u00f6rigkeit seit 2014 ArbeitsschwerpunkteBaugrundgutachten, Hydrogeologie,\u00a0 Gr\u00fcndungsgutachten \/ Gr\u00fcndungsberatung (u.a. Windenergieanlagen), Erd- und Stra\u00dfenbau, Schie\u00dfst\u00e4nde [&hellip;]<\/p>\n","protected":false},"author":4,"featured_media":0,"parent":0,"menu_order":0,"comment_status":"closed","ping_status":"closed","template":"","meta":{"_et_pb_use_builder":"on","_et_pb_old_content":"","_et_gb_content_width":"","footnotes":""},"class_list":["post-66","page","type-page","status-publish","hentry"],"yoast_head":"<!-- This site is optimized with the Yoast SEO plugin v22.2 - https:\/\/yoast.com\/wordpress\/plugins\/seo\/ -->\n<title>Team - STAGING Schleicher<\/title>\n<meta name=\"robots\" content=\"noindex, follow, max-snippet:-1, max-image-preview:large, max-video-preview:-1\" \/>\n<meta property=\"og:locale\" content=\"de_DE\" \/>\n<meta property=\"og:type\" content=\"article\" \/>\n<meta property=\"og:title\" content=\"Team - STAGING Schleicher\" \/>\n<meta property=\"og:description\" content=\"TeamGesch\u00e4ftsf\u00fchrung Diplom-Geologe Andreas Beunink Firmenzugeh\u00f6rigkeit seit 1999 Arbeitsschwerpunkte\u00a0Baugrundgutachten, Erd- \/ Stra\u00dfen- \/ Leitungsbau, Hydrogeologie, Altlasten, Bauschadstoffkataster, Abfallwirtschaft M.Sc. Geow. Thomas Helmes Firmenzugeh\u00f6rigkeit seit 2014 ArbeitsschwerpunkteAltlasten, Bauschadstoffuntersuchungen, Abfallwirtschaft,\u00a0 Verwertungsuntersuchungen, Ausschreibungen, gutachterliche Baubegleitung und Dokumentation von Abbruch- und Sanierungsma\u00dfnahmen M.Sc. Geow. Kai Niland Firmenzugeh\u00f6rigkeit seit 2014 ArbeitsschwerpunkteBaugrundgutachten, Hydrogeologie,\u00a0 Gr\u00fcndungsgutachten \/ Gr\u00fcndungsberatung (u.a. Windenergieanlagen), Erd- und Stra\u00dfenbau, Schie\u00dfst\u00e4nde [&hellip;]\" \/>\n<meta property=\"og:url\" content=\"https:\/\/dr-schleicher.staging.hrnetzwerk.de\/index.php\/team\/\" \/>\n<meta property=\"og:site_name\" content=\"STAGING Schleicher\" \/>\n<meta property=\"article:modified_time\" content=\"2023-01-25T15:00:45+00:00\" \/>\n<meta name=\"twitter:card\" content=\"summary_large_image\" \/>\n<meta name=\"twitter:label1\" content=\"Gesch\u00e4tzte Lesezeit\" \/>\n\t<meta name=\"twitter:data1\" content=\"4\u00a0Minuten\" \/>\n<script type=\"application\/ld+json\" class=\"yoast-schema-graph\">{\"@context\":\"https:\/\/schema.org\",\"@graph\":[{\"@type\":\"WebPage\",\"@id\":\"https:\/\/dr-schleicher.staging.hrnetzwerk.de\/index.php\/team\/\",\"url\":\"https:\/\/dr-schleicher.staging.hrnetzwerk.de\/index.php\/team\/\",\"name\":\"Team - STAGING Schleicher\",\"isPartOf\":{\"@id\":\"https:\/\/dr-schleicher.staging.hrnetzwerk.de\/#website\"},\"datePublished\":\"2023-01-11T15:50:12+00:00\",\"dateModified\":\"2023-01-25T15:00:45+00:00\",\"breadcrumb\":{\"@id\":\"https:\/\/dr-schleicher.staging.hrnetzwerk.de\/index.php\/team\/#breadcrumb\"},\"inLanguage\":\"de\",\"potentialAction\":[{\"@type\":\"ReadAction\",\"target\":[\"https:\/\/dr-schleicher.staging.hrnetzwerk.de\/index.php\/team\/\"]}]},{\"@type\":\"BreadcrumbList\",\"@id\":\"https:\/\/dr-schleicher.staging.hrnetzwerk.de\/index.php\/team\/#breadcrumb\",\"itemListElement\":[{\"@type\":\"ListItem\",\"position\":1,\"name\":\"Startseite\",\"item\":\"https:\/\/dr-schleicher.staging.hrnetzwerk.de\/\"},{\"@type\":\"ListItem\",\"position\":2,\"name\":\"Team\"}]},{\"@type\":\"WebSite\",\"@id\":\"https:\/\/dr-schleicher.staging.hrnetzwerk.de\/#website\",\"url\":\"https:\/\/dr-schleicher.staging.hrnetzwerk.de\/\",\"name\":\"STAGING Schleicher\",\"description\":\"\",\"publisher\":{\"@id\":\"https:\/\/dr-schleicher.staging.hrnetzwerk.de\/#organization\"},\"potentialAction\":[{\"@type\":\"SearchAction\",\"target\":{\"@type\":\"EntryPoint\",\"urlTemplate\":\"https:\/\/dr-schleicher.staging.hrnetzwerk.de\/?s={search_term_string}\"},\"query-input\":\"required name=search_term_string\"}],\"inLanguage\":\"de\"},{\"@type\":\"Organization\",\"@id\":\"https:\/\/dr-schleicher.staging.hrnetzwerk.de\/#organization\",\"name\":\"STAGING Schleicher\",\"url\":\"https:\/\/dr-schleicher.staging.hrnetzwerk.de\/\",\"logo\":{\"@type\":\"ImageObject\",\"inLanguage\":\"de\",\"@id\":\"https:\/\/dr-schleicher.staging.hrnetzwerk.de\/#\/schema\/logo\/image\/\",\"url\":\"https:\/\/i0.wp.com\/dr-schleicher.staging.hrnetzwerk.de\/wp-content\/uploads\/2023\/01\/logo.jpg?fit=529%2C107&ssl=1\",\"contentUrl\":\"https:\/\/i0.wp.com\/dr-schleicher.staging.hrnetzwerk.de\/wp-content\/uploads\/2023\/01\/logo.jpg?fit=529%2C107&ssl=1\",\"width\":529,\"height\":107,\"caption\":\"STAGING Schleicher\"},\"image\":{\"@id\":\"https:\/\/dr-schleicher.staging.hrnetzwerk.de\/#\/schema\/logo\/image\/\"}}]}<\/script>\n<!-- \/ Yoast SEO plugin. -->","yoast_head_json":{"title":"Team - STAGING Schleicher","robots":{"index":"noindex","follow":"follow","max-snippet":"max-snippet:-1","max-image-preview":"max-image-preview:large","max-video-preview":"max-video-preview:-1"},"og_locale":"de_DE","og_type":"article","og_title":"Team - STAGING Schleicher","og_description":"TeamGesch\u00e4ftsf\u00fchrung Diplom-Geologe Andreas Beunink Firmenzugeh\u00f6rigkeit seit 1999 Arbeitsschwerpunkte\u00a0Baugrundgutachten, Erd- \/ Stra\u00dfen- \/ Leitungsbau, Hydrogeologie, Altlasten, Bauschadstoffkataster, Abfallwirtschaft M.Sc. Geow. Thomas Helmes Firmenzugeh\u00f6rigkeit seit 2014 ArbeitsschwerpunkteAltlasten, Bauschadstoffuntersuchungen, Abfallwirtschaft,\u00a0 Verwertungsuntersuchungen, Ausschreibungen, gutachterliche Baubegleitung und Dokumentation von Abbruch- und Sanierungsma\u00dfnahmen M.Sc. Geow. Kai Niland Firmenzugeh\u00f6rigkeit seit 2014 ArbeitsschwerpunkteBaugrundgutachten, Hydrogeologie,\u00a0 Gr\u00fcndungsgutachten \/ Gr\u00fcndungsberatung (u.a. Windenergieanlagen), Erd- und Stra\u00dfenbau, Schie\u00dfst\u00e4nde [&hellip;]","og_url":"https:\/\/dr-schleicher.staging.hrnetzwerk.de\/index.php\/team\/","og_site_name":"STAGING Schleicher","article_modified_time":"2023-01-25T15:00:45+00:00","twitter_card":"summary_large_image","twitter_misc":{"Gesch\u00e4tzte Lesezeit":"4\u00a0Minuten"},"schema":{"@context":"https:\/\/schema.org","@graph":[{"@type":"WebPage","@id":"https:\/\/dr-schleicher.staging.hrnetzwerk.de\/index.php\/team\/","url":"https:\/\/dr-schleicher.staging.hrnetzwerk.de\/index.php\/team\/","name":"Team - STAGING Schleicher","isPartOf":{"@id":"https:\/\/dr-schleicher.staging.hrnetzwerk.de\/#website"},"datePublished":"2023-01-11T15:50:12+00:00","dateModified":"2023-01-25T15:00:45+00:00","breadcrumb":{"@id":"https:\/\/dr-schleicher.staging.hrnetzwerk.de\/index.php\/team\/#breadcrumb"},"inLanguage":"de","potentialAction":[{"@type":"ReadAction","target":["https:\/\/dr-schleicher.staging.hrnetzwerk.de\/index.php\/team\/"]}]},{"@type":"BreadcrumbList","@id":"https:\/\/dr-schleicher.staging.hrnetzwerk.de\/index.php\/team\/#breadcrumb","itemListElement":[{"@type":"ListItem","position":1,"name":"Startseite","item":"https:\/\/dr-schleicher.staging.hrnetzwerk.de\/"},{"@type":"ListItem","position":2,"name":"Team"}]},{"@type":"WebSite","@id":"https:\/\/dr-schleicher.staging.hrnetzwerk.de\/#website","url":"https:\/\/dr-schleicher.staging.hrnetzwerk.de\/","name":"STAGING Schleicher","description":"","publisher":{"@id":"https:\/\/dr-schleicher.staging.hrnetzwerk.de\/#organization"},"potentialAction":[{"@type":"SearchAction","target":{"@type":"EntryPoint","urlTemplate":"https:\/\/dr-schleicher.staging.hrnetzwerk.de\/?s={search_term_string}"},"query-input":"required name=search_term_string"}],"inLanguage":"de"},{"@type":"Organization","@id":"https:\/\/dr-schleicher.staging.hrnetzwerk.de\/#organization","name":"STAGING Schleicher","url":"https:\/\/dr-schleicher.staging.hrnetzwerk.de\/","logo":{"@type":"ImageObject","inLanguage":"de","@id":"https:\/\/dr-schleicher.staging.hrnetzwerk.de\/#\/schema\/logo\/image\/","url":"https:\/\/i0.wp.com\/dr-schleicher.staging.hrnetzwerk.de\/wp-content\/uploads\/2023\/01\/logo.jpg?fit=529%2C107&ssl=1","contentUrl":"https:\/\/i0.wp.com\/dr-schleicher.staging.hrnetzwerk.de\/wp-content\/uploads\/2023\/01\/logo.jpg?fit=529%2C107&ssl=1","width":529,"height":107,"caption":"STAGING Schleicher"},"image":{"@id":"https:\/\/dr-schleicher.staging.hrnetzwerk.de\/#\/schema\/logo\/image\/"}}]}},"jetpack_sharing_enabled":true,"_links":{"self":[{"href":"https:\/\/dr-schleicher.staging.hrnetzwerk.de\/index.php\/wp-json\/wp\/v2\/pages\/66","targetHints":{"allow":["GET"]}}],"collection":[{"href":"https:\/\/dr-schleicher.staging.hrnetzwerk.de\/index.php\/wp-json\/wp\/v2\/pages"}],"about":[{"href":"https:\/\/dr-schleicher.staging.hrnetzwerk.de\/index.php\/wp-json\/wp\/v2\/types\/page"}],"author":[{"embeddable":true,"href":"https:\/\/dr-schleicher.staging.hrnetzwerk.de\/index.php\/wp-json\/wp\/v2\/users\/4"}],"replies":[{"embeddable":true,"href":"https:\/\/dr-schleicher.staging.hrnetzwerk.de\/index.php\/wp-json\/wp\/v2\/comments?post=66"}],"version-history":[{"count":5,"href":"https:\/\/dr-schleicher.staging.hrnetzwerk.de\/index.php\/wp-json\/wp\/v2\/pages\/66\/revisions"}],"predecessor-version":[{"id":79,"href":"https:\/\/dr-schleicher.staging.hrnetzwerk.de\/index.php\/wp-json\/wp\/v2\/pages\/66\/revisions\/79"}],"wp:attachment":[{"href":"https:\/\/dr-schleicher.staging.hrnetzwerk.de\/index.php\/wp-json\/wp\/v2\/media?parent=66"}],"curies":[{"name":"wp","href":"https:\/\/api.w.org\/{rel}","templated":true}]}}