{"id":60,"date":"2023-01-11T14:47:36","date_gmt":"2023-01-11T14:47:36","guid":{"rendered":"https:\/\/dr-schleicher.staging.hrnetzwerk.de\/?page_id=60"},"modified":"2024-03-05T11:49:16","modified_gmt":"2024-03-05T11:49:16","slug":"hydrogeologie-wasserwirtschaft","status":"publish","type":"page","link":"https:\/\/dr-schleicher.staging.hrnetzwerk.de\/index.php\/hydrogeologie-wasserwirtschaft\/","title":{"rendered":"Hydrogeologie \/ Wasserwirtschaft"},"content":{"rendered":"<p>[et_pb_section fb_built=&#8220;1&#8243; admin_label=&#8220;Hero&#8220; _builder_version=&#8220;4.16&#8243; background_color=&#8220;#084666&#8243; use_background_color_gradient=&#8220;on&#8220; background_color_gradient_direction=&#8220;170deg&#8220; background_color_gradient_stops=&#8220;#002e4f 1%|rgba(8,70,102,0.8) 100%&#8220; background_color_gradient_overlays_image=&#8220;on&#8220; background_color_gradient_start=&#8220;#002e4f&#8220; background_color_gradient_start_position=&#8220;1%&#8220; background_color_gradient_end=&#8220;rgba(8,70,102,0.8)&#8220; background_image=&#8220;http:\/\/dr-schleicher.staging.hrnetzwerk.de\/wp-content\/uploads\/2023\/01\/Accountant-Image-41.jpg&#8220; custom_padding=&#8220;|||&#8220; global_colors_info=&#8220;{}&#8220;][et_pb_row _builder_version=&#8220;4.16&#8243; background_size=&#8220;initial&#8220; background_position=&#8220;top_left&#8220; background_repeat=&#8220;repeat&#8220; custom_padding=&#8220;27px|0px|27px|0px|false|false&#8220; global_colors_info=&#8220;{}&#8220;][et_pb_column type=&#8220;4_4&#8243; _builder_version=&#8220;4.16&#8243; custom_padding=&#8220;|||&#8220; global_colors_info=&#8220;{}&#8220; custom_padding__hover=&#8220;|||&#8220;][et_pb_text _builder_version=&#8220;4.19.4&#8243; text_font=&#8220;||||||||&#8220; text_font_size=&#8220;20px&#8220; text_line_height=&#8220;1.8em&#8220; header_font=&#8220;Open Sans|800|||||||&#8220; header_font_size=&#8220;60px&#8220; header_line_height=&#8220;1.3em&#8220; background_size=&#8220;initial&#8220; background_position=&#8220;top_left&#8220; background_repeat=&#8220;repeat&#8220; background_layout=&#8220;dark&#8220; custom_margin=&#8220;|-75px||||&#8220; custom_margin_tablet=&#8220;|100px||&#8220; custom_margin_phone=&#8220;|30px||&#8220; custom_margin_last_edited=&#8220;off|desktop&#8220; header_font_size_tablet=&#8220;50px&#8220; header_font_size_phone=&#8220;40px&#8220; header_font_size_last_edited=&#8220;on|phone&#8220; header_line_height_tablet=&#8220;&#8220; header_line_height_phone=&#8220;&#8220; header_line_height_last_edited=&#8220;on|desktop&#8220; global_colors_info=&#8220;{}&#8220;]<\/p>\n<h1><span style=\"font-size: xx-large;\">Hydrogeologie \/ Wasserwirtschaft<\/span><\/h1>\n<p><span style=\"font-size: medium;\">Die Ressource und Lebensgrundlage Wasser ist endlich und ben\u00f6tigt daher einen besonderen Schutz. H\u00e4ufig entstehen zudem Interessenskonflikte bei der Nutzung des Grundwassers oder von Flie\u00dfgew\u00e4ssern. Es ist daher bei der Grundwassergewinnung, Bauvorhaben oder Altlasten notwendig, das Wasservorkommen qualitativ und quantitativ zu erkunden und seine Sensibilit\u00e4t zu bewerten. Die Grundwasserflie\u00dfrichtung ist auch oft von besonderer Bedeutung, weil mit dem nat\u00fcrlichen Grundwasserstrom auch Schadstoffe transportiert werden.<\/span><\/p>\n<p><span style=\"font-size: medium;\">Voraussetzung f\u00fcr die Beurteilung sind Grundwasseraufschl\u00fcsse, die in Form von Bohrungen und deren Ausbau mit Filtern bewerkstelligt werden. Die Ingenieurgesellschaft Dr. Schleicher &amp; Partner ist ger\u00e4tetechnisch auf die Errichtung von Grundwassermessstellen und die Probenahme eingerichtet. In Zusammenarbeit mit einem zertifizierten chemischen Partnerlabor werden die Inhalts- bzw. Schadstoffe analysiert.<\/span><\/p>\n<p>&nbsp;<\/p>\n<p>[\/et_pb_text][\/et_pb_column][\/et_pb_row][\/et_pb_section][et_pb_section fb_built=&#8220;1&#8243; use_custom_gutter=&#8220;on&#8220; gutter_width=&#8220;1&#8243; specialty=&#8220;on&#8220; padding_top_1=&#8220;0px&#8220; padding_left_2=&#8220;30px&#8220; padding_2_tablet=&#8220;|||0px&#8220; padding_2_phone=&#8220;&#8220; padding_2_last_edited=&#8220;on|tablet&#8220; admin_label=&#8220;Popular Resources&#8220; module_class=&#8220; et_pb_specialty_fullwidth&#8220; _builder_version=&#8220;4.16&#8243; inner_width=&#8220;100%&#8220; inner_width_tablet=&#8220;100%&#8220; inner_width_phone=&#8220;100%&#8220; inner_width_last_edited=&#8220;on|desktop&#8220; inner_max_width=&#8220;100%&#8220; inner_max_width_tablet=&#8220;100%&#8220; inner_max_width_phone=&#8220;100%&#8220; inner_max_width_last_edited=&#8220;on|desktop&#8220; custom_padding=&#8220;35px||6px|||&#8220; make_fullwidth=&#8220;on&#8220; global_colors_info=&#8220;{}&#8220;][et_pb_column type=&#8220;1_2&#8243; _builder_version=&#8220;4.16&#8243; custom_padding=&#8220;|||&#8220; global_colors_info=&#8220;{}&#8220; custom_padding__hover=&#8220;|||&#8220;][et_pb_image src=&#8220;http:\/\/dr-schleicher.staging.hrnetzwerk.de\/wp-content\/uploads\/2023\/01\/Wasserwirtschaft-1024&#215;768.jpg&#8220; title_text=&#8220;Wasserwirtschaft&#8220; align=&#8220;center&#8220; _builder_version=&#8220;4.24.2&#8243; _module_preset=&#8220;default&#8220; max_width=&#8220;95%&#8220; max_height=&#8220;859px&#8220; custom_padding=&#8220;13px|||||&#8220; box_shadow_style=&#8220;preset1&#8243; box_shadow_color=&#8220;#000000&#8243; global_colors_info=&#8220;{}&#8220;][\/et_pb_image][\/et_pb_column][et_pb_column type=&#8220;1_2&#8243; specialty_columns=&#8220;2&#8243; _builder_version=&#8220;4.16&#8243; custom_padding=&#8220;|||&#8220; global_colors_info=&#8220;{}&#8220; padding_tablet=&#8220;|||0px&#8220; padding_last_edited=&#8220;on|tablet&#8220; custom_padding__hover=&#8220;|||&#8220; padding_phone=&#8220;|||0px&#8220;][et_pb_row_inner column_structure=&#8220;1_2,1_2&#8243; use_custom_gutter=&#8220;on&#8220; _builder_version=&#8220;4.24.2&#8243; background_color=&#8220;#4e7c97&#8243; background_image=&#8220;http:\/\/dr-schleicher.staging.hrnetzwerk.de\/wp-content\/uploads\/2023\/01\/Accountant-Image-38.png&#8220; width=&#8220;95%&#8220; custom_margin=&#8220;||1px||false|false&#8220; custom_padding=&#8220;93px|4%|93px|4%|true|true&#8220; animation_style=&#8220;slide&#8220; animation_direction=&#8220;right&#8220; animation_delay=&#8220;200ms&#8220; animation_intensity_slide=&#8220;10%&#8220; global_colors_info=&#8220;{}&#8220;][et_pb_column_inner type=&#8220;1_2&#8243; saved_specialty_column_type=&#8220;1_2&#8243; _builder_version=&#8220;4.16&#8243; custom_padding=&#8220;|||&#8220; global_colors_info=&#8220;{}&#8220; custom_padding__hover=&#8220;|||&#8220;][et_pb_text _builder_version=&#8220;4.24.2&#8243; text_font=&#8220;||||||||&#8220; text_font_size=&#8220;16px&#8220; text_line_height=&#8220;2em&#8220; link_font=&#8220;||||on||||&#8220; header_font=&#8220;||||||||&#8220; header_2_font=&#8220;||||||||&#8220; header_3_font=&#8220;Montserrat|600|||||||&#8220; header_3_line_height=&#8220;1.5em&#8220; background_layout=&#8220;dark&#8220; custom_margin_tablet=&#8220;20px||0px|0px&#8220; header_2_font_size_tablet=&#8220;30px&#8220; header_2_font_size_phone=&#8220;20px&#8220; header_2_font_size_last_edited=&#8220;off|desktop&#8220; locked=&#8220;off&#8220; global_colors_info=&#8220;{}&#8220;]<\/p>\n<div class=\"col-md-12\">\n<div class=\"container\">\n<div class=\"row\">\n<div class=\"col-sm-12\">\n<div class=\"row\">\n<div class=\"col-sm-6\">\n<div class=\"ccm-custom-style-container ccm-custom-style-hauptinhalt45-579\">\n<div class=\"col-sm-6\">\n<div class=\"ccm-custom-style-container ccm-custom-style-hauptinhalt24-577\">\n<h2>Feldarbeiten:<\/h2>\n<ul>\n<li>Bohrungen zur Grundwassererkundung<\/li>\n<li>Messstellenbau<\/li>\n<li>Grundwasser und Gew\u00e4sserbeprobungen<\/li>\n<li>Vermessungsarbeiten (GPS im cm-Bereich)<\/li>\n<li>Durchf\u00fchrung von Messprogrammen<\/li>\n<li>hydrogeologische Standortbewertung<\/li>\n<li>Versickerungstest \/ Pumpversuch<\/li>\n<\/ul>\n<\/div>\n<\/div>\n<\/div>\n<\/div>\n<div class=\"col-sm-6\">\n<div class=\"ccm-custom-style-container ccm-custom-style-hauptinhalt46-555\">\n<ul><\/ul>\n<\/div>\n<\/div>\n<\/div>\n<\/div>\n<\/div>\n<\/div>\n<\/div>\n<p>[\/et_pb_text][\/et_pb_column_inner][et_pb_column_inner type=&#8220;1_2&#8243; saved_specialty_column_type=&#8220;1_2&#8243; _builder_version=&#8220;4.16&#8243; custom_padding=&#8220;|||&#8220; global_colors_info=&#8220;{}&#8220; custom_padding__hover=&#8220;|||&#8220;][et_pb_text _builder_version=&#8220;4.24.2&#8243; text_font=&#8220;||||||||&#8220; text_font_size=&#8220;16px&#8220; text_line_height=&#8220;2em&#8220; link_font=&#8220;||||on||||&#8220; header_font=&#8220;||||||||&#8220; header_2_font=&#8220;||||||||&#8220; header_3_font=&#8220;Montserrat|600|||||||&#8220; header_3_line_height=&#8220;1.5em&#8220; background_layout=&#8220;dark&#8220; custom_margin_tablet=&#8220;20px||0px|0px&#8220; header_2_font_size_tablet=&#8220;30px&#8220; header_2_font_size_phone=&#8220;20px&#8220; header_2_font_size_last_edited=&#8220;off|desktop&#8220; locked=&#8220;off&#8220; global_colors_info=&#8220;{}&#8220;]<\/p>\n<div class=\"col-md-12\">\n<div class=\"container\">\n<div class=\"row\">\n<div class=\"col-sm-12\">\n<div class=\"row\">\n<div class=\"col-sm-6\">\n<div class=\"ccm-custom-style-container ccm-custom-style-hauptinhalt45-579\">\n<div class=\"col-sm-6\">\n<div class=\"ccm-custom-style-container ccm-custom-style-hauptinhalt24-577\">\n<div class=\"col-sm-6\">\n<div class=\"ccm-custom-style-container ccm-custom-style-hauptinhalt25-578\">\n<h2>Gutachten:<\/h2>\n<ul>\n<li>Wasserwirtschaftliche Gutachten zur Grundwasser- und Gew\u00e4sserqualit\u00e4t<\/li>\n<li>Hydrogeologische Gutachten f\u00fcr den Einbau von Recyclingmaterial u.\u00c4.<\/li>\n<li>Planung und Dimensionierung von Grundwasserhaltungen<\/li>\n<li>Prognosegutachten zur Grundwasserhydraulik<\/li>\n<li>Planung von F\u00f6rderbrunnen<\/li>\n<li>Versickerungsbeurteilung<\/li>\n<li>Hydrogeologische Beweissicherung<\/li>\n<li>GIS gest\u00fctzte Erstellung von Grundwassergleichepl\u00e4nen<\/li>\n<\/ul>\n<\/div>\n<\/div>\n<\/div>\n<\/div>\n<\/div>\n<\/div>\n<div class=\"col-sm-6\">\n<div class=\"ccm-custom-style-container ccm-custom-style-hauptinhalt46-555\">\n<ul><\/ul>\n<\/div>\n<\/div>\n<\/div>\n<\/div>\n<\/div>\n<\/div>\n<\/div>\n<p>[\/et_pb_text][\/et_pb_column_inner][\/et_pb_row_inner][\/et_pb_column][\/et_pb_section]<\/p>\n","protected":false},"excerpt":{"rendered":"<p>Hydrogeologie \/ Wasserwirtschaft Die Ressource und Lebensgrundlage Wasser ist endlich und ben\u00f6tigt daher einen besonderen Schutz. H\u00e4ufig entstehen zudem Interessenskonflikte bei der Nutzung des Grundwassers oder von Flie\u00dfgew\u00e4ssern. Es ist daher bei der Grundwassergewinnung, Bauvorhaben oder Altlasten notwendig, das Wasservorkommen qualitativ und quantitativ zu erkunden und seine Sensibilit\u00e4t zu bewerten. Die Grundwasserflie\u00dfrichtung ist auch oft [&hellip;]<\/p>\n","protected":false},"author":4,"featured_media":0,"parent":0,"menu_order":0,"comment_status":"closed","ping_status":"closed","template":"","meta":{"_et_pb_use_builder":"on","_et_pb_old_content":"","_et_gb_content_width":"","footnotes":""},"class_list":["post-60","page","type-page","status-publish","hentry"],"yoast_head":"<!-- This site is optimized with the Yoast SEO plugin v22.2 - https:\/\/yoast.com\/wordpress\/plugins\/seo\/ -->\n<title>Hydrogeologie \/ Wasserwirtschaft - STAGING Schleicher<\/title>\n<meta name=\"robots\" content=\"noindex, follow, max-snippet:-1, max-image-preview:large, max-video-preview:-1\" \/>\n<meta property=\"og:locale\" content=\"de_DE\" \/>\n<meta property=\"og:type\" content=\"article\" \/>\n<meta property=\"og:title\" content=\"Hydrogeologie \/ Wasserwirtschaft - STAGING Schleicher\" \/>\n<meta property=\"og:description\" content=\"Hydrogeologie \/ Wasserwirtschaft Die Ressource und Lebensgrundlage Wasser ist endlich und ben\u00f6tigt daher einen besonderen Schutz. H\u00e4ufig entstehen zudem Interessenskonflikte bei der Nutzung des Grundwassers oder von Flie\u00dfgew\u00e4ssern. Es ist daher bei der Grundwassergewinnung, Bauvorhaben oder Altlasten notwendig, das Wasservorkommen qualitativ und quantitativ zu erkunden und seine Sensibilit\u00e4t zu bewerten. Die Grundwasserflie\u00dfrichtung ist auch oft [&hellip;]\" \/>\n<meta property=\"og:url\" content=\"https:\/\/dr-schleicher.staging.hrnetzwerk.de\/index.php\/hydrogeologie-wasserwirtschaft\/\" \/>\n<meta property=\"og:site_name\" content=\"STAGING Schleicher\" \/>\n<meta property=\"article:modified_time\" content=\"2024-03-05T11:49:16+00:00\" \/>\n<meta name=\"twitter:card\" content=\"summary_large_image\" \/>\n<meta name=\"twitter:label1\" content=\"Gesch\u00e4tzte Lesezeit\" \/>\n\t<meta name=\"twitter:data1\" content=\"4\u00a0Minuten\" \/>\n<script type=\"application\/ld+json\" class=\"yoast-schema-graph\">{\"@context\":\"https:\/\/schema.org\",\"@graph\":[{\"@type\":\"WebPage\",\"@id\":\"https:\/\/dr-schleicher.staging.hrnetzwerk.de\/index.php\/hydrogeologie-wasserwirtschaft\/\",\"url\":\"https:\/\/dr-schleicher.staging.hrnetzwerk.de\/index.php\/hydrogeologie-wasserwirtschaft\/\",\"name\":\"Hydrogeologie \/ Wasserwirtschaft - STAGING Schleicher\",\"isPartOf\":{\"@id\":\"https:\/\/dr-schleicher.staging.hrnetzwerk.de\/#website\"},\"datePublished\":\"2023-01-11T14:47:36+00:00\",\"dateModified\":\"2024-03-05T11:49:16+00:00\",\"breadcrumb\":{\"@id\":\"https:\/\/dr-schleicher.staging.hrnetzwerk.de\/index.php\/hydrogeologie-wasserwirtschaft\/#breadcrumb\"},\"inLanguage\":\"de\",\"potentialAction\":[{\"@type\":\"ReadAction\",\"target\":[\"https:\/\/dr-schleicher.staging.hrnetzwerk.de\/index.php\/hydrogeologie-wasserwirtschaft\/\"]}]},{\"@type\":\"BreadcrumbList\",\"@id\":\"https:\/\/dr-schleicher.staging.hrnetzwerk.de\/index.php\/hydrogeologie-wasserwirtschaft\/#breadcrumb\",\"itemListElement\":[{\"@type\":\"ListItem\",\"position\":1,\"name\":\"Startseite\",\"item\":\"https:\/\/dr-schleicher.staging.hrnetzwerk.de\/\"},{\"@type\":\"ListItem\",\"position\":2,\"name\":\"Hydrogeologie \/ Wasserwirtschaft\"}]},{\"@type\":\"WebSite\",\"@id\":\"https:\/\/dr-schleicher.staging.hrnetzwerk.de\/#website\",\"url\":\"https:\/\/dr-schleicher.staging.hrnetzwerk.de\/\",\"name\":\"STAGING Schleicher\",\"description\":\"\",\"publisher\":{\"@id\":\"https:\/\/dr-schleicher.staging.hrnetzwerk.de\/#organization\"},\"potentialAction\":[{\"@type\":\"SearchAction\",\"target\":{\"@type\":\"EntryPoint\",\"urlTemplate\":\"https:\/\/dr-schleicher.staging.hrnetzwerk.de\/?s={search_term_string}\"},\"query-input\":\"required name=search_term_string\"}],\"inLanguage\":\"de\"},{\"@type\":\"Organization\",\"@id\":\"https:\/\/dr-schleicher.staging.hrnetzwerk.de\/#organization\",\"name\":\"STAGING Schleicher\",\"url\":\"https:\/\/dr-schleicher.staging.hrnetzwerk.de\/\",\"logo\":{\"@type\":\"ImageObject\",\"inLanguage\":\"de\",\"@id\":\"https:\/\/dr-schleicher.staging.hrnetzwerk.de\/#\/schema\/logo\/image\/\",\"url\":\"https:\/\/i0.wp.com\/dr-schleicher.staging.hrnetzwerk.de\/wp-content\/uploads\/2023\/01\/logo.jpg?fit=529%2C107&ssl=1\",\"contentUrl\":\"https:\/\/i0.wp.com\/dr-schleicher.staging.hrnetzwerk.de\/wp-content\/uploads\/2023\/01\/logo.jpg?fit=529%2C107&ssl=1\",\"width\":529,\"height\":107,\"caption\":\"STAGING Schleicher\"},\"image\":{\"@id\":\"https:\/\/dr-schleicher.staging.hrnetzwerk.de\/#\/schema\/logo\/image\/\"}}]}<\/script>\n<!-- \/ Yoast SEO plugin. -->","yoast_head_json":{"title":"Hydrogeologie \/ Wasserwirtschaft - STAGING Schleicher","robots":{"index":"noindex","follow":"follow","max-snippet":"max-snippet:-1","max-image-preview":"max-image-preview:large","max-video-preview":"max-video-preview:-1"},"og_locale":"de_DE","og_type":"article","og_title":"Hydrogeologie \/ Wasserwirtschaft - STAGING Schleicher","og_description":"Hydrogeologie \/ Wasserwirtschaft Die Ressource und Lebensgrundlage Wasser ist endlich und ben\u00f6tigt daher einen besonderen Schutz. H\u00e4ufig entstehen zudem Interessenskonflikte bei der Nutzung des Grundwassers oder von Flie\u00dfgew\u00e4ssern. Es ist daher bei der Grundwassergewinnung, Bauvorhaben oder Altlasten notwendig, das Wasservorkommen qualitativ und quantitativ zu erkunden und seine Sensibilit\u00e4t zu bewerten. Die Grundwasserflie\u00dfrichtung ist auch oft [&hellip;]","og_url":"https:\/\/dr-schleicher.staging.hrnetzwerk.de\/index.php\/hydrogeologie-wasserwirtschaft\/","og_site_name":"STAGING Schleicher","article_modified_time":"2024-03-05T11:49:16+00:00","twitter_card":"summary_large_image","twitter_misc":{"Gesch\u00e4tzte Lesezeit":"4\u00a0Minuten"},"schema":{"@context":"https:\/\/schema.org","@graph":[{"@type":"WebPage","@id":"https:\/\/dr-schleicher.staging.hrnetzwerk.de\/index.php\/hydrogeologie-wasserwirtschaft\/","url":"https:\/\/dr-schleicher.staging.hrnetzwerk.de\/index.php\/hydrogeologie-wasserwirtschaft\/","name":"Hydrogeologie \/ Wasserwirtschaft - STAGING Schleicher","isPartOf":{"@id":"https:\/\/dr-schleicher.staging.hrnetzwerk.de\/#website"},"datePublished":"2023-01-11T14:47:36+00:00","dateModified":"2024-03-05T11:49:16+00:00","breadcrumb":{"@id":"https:\/\/dr-schleicher.staging.hrnetzwerk.de\/index.php\/hydrogeologie-wasserwirtschaft\/#breadcrumb"},"inLanguage":"de","potentialAction":[{"@type":"ReadAction","target":["https:\/\/dr-schleicher.staging.hrnetzwerk.de\/index.php\/hydrogeologie-wasserwirtschaft\/"]}]},{"@type":"BreadcrumbList","@id":"https:\/\/dr-schleicher.staging.hrnetzwerk.de\/index.php\/hydrogeologie-wasserwirtschaft\/#breadcrumb","itemListElement":[{"@type":"ListItem","position":1,"name":"Startseite","item":"https:\/\/dr-schleicher.staging.hrnetzwerk.de\/"},{"@type":"ListItem","position":2,"name":"Hydrogeologie \/ Wasserwirtschaft"}]},{"@type":"WebSite","@id":"https:\/\/dr-schleicher.staging.hrnetzwerk.de\/#website","url":"https:\/\/dr-schleicher.staging.hrnetzwerk.de\/","name":"STAGING Schleicher","description":"","publisher":{"@id":"https:\/\/dr-schleicher.staging.hrnetzwerk.de\/#organization"},"potentialAction":[{"@type":"SearchAction","target":{"@type":"EntryPoint","urlTemplate":"https:\/\/dr-schleicher.staging.hrnetzwerk.de\/?s={search_term_string}"},"query-input":"required name=search_term_string"}],"inLanguage":"de"},{"@type":"Organization","@id":"https:\/\/dr-schleicher.staging.hrnetzwerk.de\/#organization","name":"STAGING Schleicher","url":"https:\/\/dr-schleicher.staging.hrnetzwerk.de\/","logo":{"@type":"ImageObject","inLanguage":"de","@id":"https:\/\/dr-schleicher.staging.hrnetzwerk.de\/#\/schema\/logo\/image\/","url":"https:\/\/i0.wp.com\/dr-schleicher.staging.hrnetzwerk.de\/wp-content\/uploads\/2023\/01\/logo.jpg?fit=529%2C107&ssl=1","contentUrl":"https:\/\/i0.wp.com\/dr-schleicher.staging.hrnetzwerk.de\/wp-content\/uploads\/2023\/01\/logo.jpg?fit=529%2C107&ssl=1","width":529,"height":107,"caption":"STAGING Schleicher"},"image":{"@id":"https:\/\/dr-schleicher.staging.hrnetzwerk.de\/#\/schema\/logo\/image\/"}}]}},"jetpack_sharing_enabled":true,"_links":{"self":[{"href":"https:\/\/dr-schleicher.staging.hrnetzwerk.de\/index.php\/wp-json\/wp\/v2\/pages\/60","targetHints":{"allow":["GET"]}}],"collection":[{"href":"https:\/\/dr-schleicher.staging.hrnetzwerk.de\/index.php\/wp-json\/wp\/v2\/pages"}],"about":[{"href":"https:\/\/dr-schleicher.staging.hrnetzwerk.de\/index.php\/wp-json\/wp\/v2\/types\/page"}],"author":[{"embeddable":true,"href":"https:\/\/dr-schleicher.staging.hrnetzwerk.de\/index.php\/wp-json\/wp\/v2\/users\/4"}],"replies":[{"embeddable":true,"href":"https:\/\/dr-schleicher.staging.hrnetzwerk.de\/index.php\/wp-json\/wp\/v2\/comments?post=60"}],"version-history":[{"count":9,"href":"https:\/\/dr-schleicher.staging.hrnetzwerk.de\/index.php\/wp-json\/wp\/v2\/pages\/60\/revisions"}],"predecessor-version":[{"id":195,"href":"https:\/\/dr-schleicher.staging.hrnetzwerk.de\/index.php\/wp-json\/wp\/v2\/pages\/60\/revisions\/195"}],"wp:attachment":[{"href":"https:\/\/dr-schleicher.staging.hrnetzwerk.de\/index.php\/wp-json\/wp\/v2\/media?parent=60"}],"curies":[{"name":"wp","href":"https:\/\/api.w.org\/{rel}","templated":true}]}}