{"id":230,"date":"2024-03-05T13:49:24","date_gmt":"2024-03-05T13:49:24","guid":{"rendered":"https:\/\/dr-schleicher.staging.hrnetzwerk.de\/?page_id=230"},"modified":"2024-03-05T13:51:50","modified_gmt":"2024-03-05T13:51:50","slug":"gaskavernenspeicher","status":"publish","type":"page","link":"https:\/\/dr-schleicher.staging.hrnetzwerk.de\/index.php\/gaskavernenspeicher\/","title":{"rendered":"Gaskavernenspeicher"},"content":{"rendered":"<p>[et_pb_section fb_built=&#8220;1&#8243; admin_label=&#8220;Hero&#8220; _builder_version=&#8220;4.16&#8243; background_color=&#8220;#084666&#8243; use_background_color_gradient=&#8220;on&#8220; background_color_gradient_direction=&#8220;170deg&#8220; background_color_gradient_stops=&#8220;#002e4f 1%|rgba(8,70,102,0.8) 100%&#8220; background_color_gradient_overlays_image=&#8220;on&#8220; background_color_gradient_start=&#8220;#002e4f&#8220; background_color_gradient_start_position=&#8220;1%&#8220; background_color_gradient_end=&#8220;rgba(8,70,102,0.8)&#8220; background_image=&#8220;http:\/\/dr-schleicher.staging.hrnetzwerk.de\/wp-content\/uploads\/2023\/01\/Accountant-Image-41.jpg&#8220; custom_padding=&#8220;||29px|||&#8220; global_colors_info=&#8220;{}&#8220;][et_pb_row _builder_version=&#8220;4.16&#8243; background_size=&#8220;initial&#8220; background_position=&#8220;top_left&#8220; background_repeat=&#8220;repeat&#8220; custom_padding=&#8220;27px|0px|27px|0px|false|false&#8220; global_colors_info=&#8220;{}&#8220;][et_pb_column type=&#8220;4_4&#8243; _builder_version=&#8220;4.16&#8243; custom_padding=&#8220;|||&#8220; global_colors_info=&#8220;{}&#8220; custom_padding__hover=&#8220;|||&#8220;][et_pb_text _builder_version=&#8220;4.24.2&#8243; text_font=&#8220;||||||||&#8220; text_font_size=&#8220;17px&#8220; text_line_height=&#8220;1.2em&#8220; header_font=&#8220;Open Sans|800|||||||&#8220; header_font_size=&#8220;60px&#8220; header_line_height=&#8220;1.3em&#8220; background_size=&#8220;initial&#8220; background_position=&#8220;top_left&#8220; background_repeat=&#8220;repeat&#8220; background_layout=&#8220;dark&#8220; custom_margin=&#8220;|-76px||||&#8220; custom_margin_tablet=&#8220;|100px||&#8220; custom_margin_phone=&#8220;|30px||&#8220; custom_margin_last_edited=&#8220;off|desktop&#8220; hover_enabled=&#8220;0&#8243; header_font_size_tablet=&#8220;50px&#8220; header_font_size_phone=&#8220;40px&#8220; header_font_size_last_edited=&#8220;on|phone&#8220; header_line_height_tablet=&#8220;&#8220; header_line_height_phone=&#8220;&#8220; header_line_height_last_edited=&#8220;on|desktop&#8220; global_colors_info=&#8220;{}&#8220; text_letter_spacing=&#8220;1px&#8220; sticky_enabled=&#8220;0&#8243;]<\/p>\n<h1><span style=\"font-size: xx-large;\">Gaskavernenspeicher in Gronau-Epe<br \/><\/span><\/h1>\n<p style=\"text-align: justify;\"><span style=\"font-size: medium;\"><br \/>Im Raum Gronau-Epe befinden sich bedeutende Steinsalzvorkommen in Tiefen zwischen rd. 1.100 m und 1.400 m, die seit den 70er Jahren f\u00fcr die Salzgewinnung ausgesolt werden. Die entstehenden Hohlr\u00e4ume (Kavernen, Volumen jeweils rd. 250.000 &#8211; 400.000 m\u00b3) werden von mehreren deutschen und niederl\u00e4ndischen Energie-Versorgungsunternehmen als Speicherkavernen f\u00fcr Erd\u00f6l und vor allem Erdgas genutzt. Mit derzeit \u00fcber 100 Kavernen ist das Kavernenfeld Epe der gr\u00f6\u00dfte Gaskavernenspeicher Europas.<\/span><\/p>\n<p>F\u00fcr die verschiedenen baulichen Anlagen zur unterirdischen Erdgasspeicherung (Verdichterstationen) erstellt die Dr. Schleicher &amp; Partner Ingenieurgesellschaft seit mehr als 30 Jahren Boden- und Baugrundgutachten.<\/p>\n<p>Das Leistungsspektrum reicht von der Vorplanung und dem Bodenmanagement \u00fcber bauwerksgebundene Gr\u00fcndungsgutachten bis zur \u00dcberwachung und Abnahme der Erd- und Gr\u00fcndungsarbeiten.<\/p>\n<p>Aufgrund der dynamischen Beanspruchung des Baugrundes werden insbesondere f\u00fcr die Gr\u00fcndung der Gasverdichter spezielle gr\u00fcndungstechnische Ma\u00dfnahmen ausgearbeitet (Baugrundverbesserung, Tiefenverdichtung, Pfahlgr\u00fcndung). Auch f\u00fcr die Feldleitungen zwischen den Kavernen und den Verdichterstationen, die teilweise im HDD-Verfahren verlegt werden, erfolgen ma\u00dfnahmenspezifische Baugrundbeurteilungen. Die Nutzungskonkurrenz in dem Gebiet macht fach\u00fcbergreifende Projektarbeit notwendig.<\/p>\n<p>Da das Kavernenfeld Epe in weiten Teilen durch Naturschutz- und FFH-Gebiete \u00fcberdeckt ist, f\u00fchren wir Untersuchungen zur Boden- und Grundwasserbeschaffenheit durch, um die Auswirkungen der Bauma\u00dfnahmen auf den Natur- und Wasserhaushalt zu beurteilen.<\/p>\n<p>[\/et_pb_text][\/et_pb_column][\/et_pb_row][\/et_pb_section]<\/p>\n","protected":false},"excerpt":{"rendered":"<p>Gaskavernenspeicher in Gronau-Epe Im Raum Gronau-Epe befinden sich bedeutende Steinsalzvorkommen in Tiefen zwischen rd. 1.100 m und 1.400 m, die seit den 70er Jahren f\u00fcr die Salzgewinnung ausgesolt werden. Die entstehenden Hohlr\u00e4ume (Kavernen, Volumen jeweils rd. 250.000 &#8211; 400.000 m\u00b3) werden von mehreren deutschen und niederl\u00e4ndischen Energie-Versorgungsunternehmen als Speicherkavernen f\u00fcr Erd\u00f6l und vor allem Erdgas [&hellip;]<\/p>\n","protected":false},"author":4,"featured_media":0,"parent":0,"menu_order":0,"comment_status":"closed","ping_status":"closed","template":"","meta":{"_et_pb_use_builder":"on","_et_pb_old_content":"","_et_gb_content_width":"","footnotes":""},"class_list":["post-230","page","type-page","status-publish","hentry"],"yoast_head":"<!-- This site is optimized with the Yoast SEO plugin v22.2 - https:\/\/yoast.com\/wordpress\/plugins\/seo\/ -->\n<title>Gaskavernenspeicher - STAGING Schleicher<\/title>\n<meta name=\"robots\" content=\"noindex, follow, max-snippet:-1, max-image-preview:large, max-video-preview:-1\" \/>\n<meta property=\"og:locale\" content=\"de_DE\" \/>\n<meta property=\"og:type\" content=\"article\" \/>\n<meta property=\"og:title\" content=\"Gaskavernenspeicher - STAGING Schleicher\" \/>\n<meta property=\"og:description\" content=\"Gaskavernenspeicher in Gronau-Epe Im Raum Gronau-Epe befinden sich bedeutende Steinsalzvorkommen in Tiefen zwischen rd. 1.100 m und 1.400 m, die seit den 70er Jahren f\u00fcr die Salzgewinnung ausgesolt werden. Die entstehenden Hohlr\u00e4ume (Kavernen, Volumen jeweils rd. 250.000 - 400.000 m\u00b3) werden von mehreren deutschen und niederl\u00e4ndischen Energie-Versorgungsunternehmen als Speicherkavernen f\u00fcr Erd\u00f6l und vor allem Erdgas [&hellip;]\" \/>\n<meta property=\"og:url\" content=\"https:\/\/dr-schleicher.staging.hrnetzwerk.de\/index.php\/gaskavernenspeicher\/\" \/>\n<meta property=\"og:site_name\" content=\"STAGING Schleicher\" \/>\n<meta property=\"article:modified_time\" content=\"2024-03-05T13:51:50+00:00\" \/>\n<meta name=\"twitter:card\" content=\"summary_large_image\" \/>\n<meta name=\"twitter:label1\" content=\"Gesch\u00e4tzte Lesezeit\" \/>\n\t<meta name=\"twitter:data1\" content=\"2\u00a0Minuten\" \/>\n<script type=\"application\/ld+json\" class=\"yoast-schema-graph\">{\"@context\":\"https:\/\/schema.org\",\"@graph\":[{\"@type\":\"WebPage\",\"@id\":\"https:\/\/dr-schleicher.staging.hrnetzwerk.de\/index.php\/gaskavernenspeicher\/\",\"url\":\"https:\/\/dr-schleicher.staging.hrnetzwerk.de\/index.php\/gaskavernenspeicher\/\",\"name\":\"Gaskavernenspeicher - STAGING Schleicher\",\"isPartOf\":{\"@id\":\"https:\/\/dr-schleicher.staging.hrnetzwerk.de\/#website\"},\"datePublished\":\"2024-03-05T13:49:24+00:00\",\"dateModified\":\"2024-03-05T13:51:50+00:00\",\"breadcrumb\":{\"@id\":\"https:\/\/dr-schleicher.staging.hrnetzwerk.de\/index.php\/gaskavernenspeicher\/#breadcrumb\"},\"inLanguage\":\"de\",\"potentialAction\":[{\"@type\":\"ReadAction\",\"target\":[\"https:\/\/dr-schleicher.staging.hrnetzwerk.de\/index.php\/gaskavernenspeicher\/\"]}]},{\"@type\":\"BreadcrumbList\",\"@id\":\"https:\/\/dr-schleicher.staging.hrnetzwerk.de\/index.php\/gaskavernenspeicher\/#breadcrumb\",\"itemListElement\":[{\"@type\":\"ListItem\",\"position\":1,\"name\":\"Startseite\",\"item\":\"https:\/\/dr-schleicher.staging.hrnetzwerk.de\/\"},{\"@type\":\"ListItem\",\"position\":2,\"name\":\"Gaskavernenspeicher\"}]},{\"@type\":\"WebSite\",\"@id\":\"https:\/\/dr-schleicher.staging.hrnetzwerk.de\/#website\",\"url\":\"https:\/\/dr-schleicher.staging.hrnetzwerk.de\/\",\"name\":\"STAGING Schleicher\",\"description\":\"\",\"publisher\":{\"@id\":\"https:\/\/dr-schleicher.staging.hrnetzwerk.de\/#organization\"},\"potentialAction\":[{\"@type\":\"SearchAction\",\"target\":{\"@type\":\"EntryPoint\",\"urlTemplate\":\"https:\/\/dr-schleicher.staging.hrnetzwerk.de\/?s={search_term_string}\"},\"query-input\":\"required name=search_term_string\"}],\"inLanguage\":\"de\"},{\"@type\":\"Organization\",\"@id\":\"https:\/\/dr-schleicher.staging.hrnetzwerk.de\/#organization\",\"name\":\"STAGING Schleicher\",\"url\":\"https:\/\/dr-schleicher.staging.hrnetzwerk.de\/\",\"logo\":{\"@type\":\"ImageObject\",\"inLanguage\":\"de\",\"@id\":\"https:\/\/dr-schleicher.staging.hrnetzwerk.de\/#\/schema\/logo\/image\/\",\"url\":\"https:\/\/i0.wp.com\/dr-schleicher.staging.hrnetzwerk.de\/wp-content\/uploads\/2023\/01\/logo.jpg?fit=529%2C107&ssl=1\",\"contentUrl\":\"https:\/\/i0.wp.com\/dr-schleicher.staging.hrnetzwerk.de\/wp-content\/uploads\/2023\/01\/logo.jpg?fit=529%2C107&ssl=1\",\"width\":529,\"height\":107,\"caption\":\"STAGING Schleicher\"},\"image\":{\"@id\":\"https:\/\/dr-schleicher.staging.hrnetzwerk.de\/#\/schema\/logo\/image\/\"}}]}<\/script>\n<!-- \/ Yoast SEO plugin. -->","yoast_head_json":{"title":"Gaskavernenspeicher - STAGING Schleicher","robots":{"index":"noindex","follow":"follow","max-snippet":"max-snippet:-1","max-image-preview":"max-image-preview:large","max-video-preview":"max-video-preview:-1"},"og_locale":"de_DE","og_type":"article","og_title":"Gaskavernenspeicher - STAGING Schleicher","og_description":"Gaskavernenspeicher in Gronau-Epe Im Raum Gronau-Epe befinden sich bedeutende Steinsalzvorkommen in Tiefen zwischen rd. 1.100 m und 1.400 m, die seit den 70er Jahren f\u00fcr die Salzgewinnung ausgesolt werden. Die entstehenden Hohlr\u00e4ume (Kavernen, Volumen jeweils rd. 250.000 - 400.000 m\u00b3) werden von mehreren deutschen und niederl\u00e4ndischen Energie-Versorgungsunternehmen als Speicherkavernen f\u00fcr Erd\u00f6l und vor allem Erdgas [&hellip;]","og_url":"https:\/\/dr-schleicher.staging.hrnetzwerk.de\/index.php\/gaskavernenspeicher\/","og_site_name":"STAGING Schleicher","article_modified_time":"2024-03-05T13:51:50+00:00","twitter_card":"summary_large_image","twitter_misc":{"Gesch\u00e4tzte Lesezeit":"2\u00a0Minuten"},"schema":{"@context":"https:\/\/schema.org","@graph":[{"@type":"WebPage","@id":"https:\/\/dr-schleicher.staging.hrnetzwerk.de\/index.php\/gaskavernenspeicher\/","url":"https:\/\/dr-schleicher.staging.hrnetzwerk.de\/index.php\/gaskavernenspeicher\/","name":"Gaskavernenspeicher - STAGING Schleicher","isPartOf":{"@id":"https:\/\/dr-schleicher.staging.hrnetzwerk.de\/#website"},"datePublished":"2024-03-05T13:49:24+00:00","dateModified":"2024-03-05T13:51:50+00:00","breadcrumb":{"@id":"https:\/\/dr-schleicher.staging.hrnetzwerk.de\/index.php\/gaskavernenspeicher\/#breadcrumb"},"inLanguage":"de","potentialAction":[{"@type":"ReadAction","target":["https:\/\/dr-schleicher.staging.hrnetzwerk.de\/index.php\/gaskavernenspeicher\/"]}]},{"@type":"BreadcrumbList","@id":"https:\/\/dr-schleicher.staging.hrnetzwerk.de\/index.php\/gaskavernenspeicher\/#breadcrumb","itemListElement":[{"@type":"ListItem","position":1,"name":"Startseite","item":"https:\/\/dr-schleicher.staging.hrnetzwerk.de\/"},{"@type":"ListItem","position":2,"name":"Gaskavernenspeicher"}]},{"@type":"WebSite","@id":"https:\/\/dr-schleicher.staging.hrnetzwerk.de\/#website","url":"https:\/\/dr-schleicher.staging.hrnetzwerk.de\/","name":"STAGING Schleicher","description":"","publisher":{"@id":"https:\/\/dr-schleicher.staging.hrnetzwerk.de\/#organization"},"potentialAction":[{"@type":"SearchAction","target":{"@type":"EntryPoint","urlTemplate":"https:\/\/dr-schleicher.staging.hrnetzwerk.de\/?s={search_term_string}"},"query-input":"required name=search_term_string"}],"inLanguage":"de"},{"@type":"Organization","@id":"https:\/\/dr-schleicher.staging.hrnetzwerk.de\/#organization","name":"STAGING Schleicher","url":"https:\/\/dr-schleicher.staging.hrnetzwerk.de\/","logo":{"@type":"ImageObject","inLanguage":"de","@id":"https:\/\/dr-schleicher.staging.hrnetzwerk.de\/#\/schema\/logo\/image\/","url":"https:\/\/i0.wp.com\/dr-schleicher.staging.hrnetzwerk.de\/wp-content\/uploads\/2023\/01\/logo.jpg?fit=529%2C107&ssl=1","contentUrl":"https:\/\/i0.wp.com\/dr-schleicher.staging.hrnetzwerk.de\/wp-content\/uploads\/2023\/01\/logo.jpg?fit=529%2C107&ssl=1","width":529,"height":107,"caption":"STAGING Schleicher"},"image":{"@id":"https:\/\/dr-schleicher.staging.hrnetzwerk.de\/#\/schema\/logo\/image\/"}}]}},"jetpack_sharing_enabled":true,"_links":{"self":[{"href":"https:\/\/dr-schleicher.staging.hrnetzwerk.de\/index.php\/wp-json\/wp\/v2\/pages\/230","targetHints":{"allow":["GET"]}}],"collection":[{"href":"https:\/\/dr-schleicher.staging.hrnetzwerk.de\/index.php\/wp-json\/wp\/v2\/pages"}],"about":[{"href":"https:\/\/dr-schleicher.staging.hrnetzwerk.de\/index.php\/wp-json\/wp\/v2\/types\/page"}],"author":[{"embeddable":true,"href":"https:\/\/dr-schleicher.staging.hrnetzwerk.de\/index.php\/wp-json\/wp\/v2\/users\/4"}],"replies":[{"embeddable":true,"href":"https:\/\/dr-schleicher.staging.hrnetzwerk.de\/index.php\/wp-json\/wp\/v2\/comments?post=230"}],"version-history":[{"count":6,"href":"https:\/\/dr-schleicher.staging.hrnetzwerk.de\/index.php\/wp-json\/wp\/v2\/pages\/230\/revisions"}],"predecessor-version":[{"id":239,"href":"https:\/\/dr-schleicher.staging.hrnetzwerk.de\/index.php\/wp-json\/wp\/v2\/pages\/230\/revisions\/239"}],"wp:attachment":[{"href":"https:\/\/dr-schleicher.staging.hrnetzwerk.de\/index.php\/wp-json\/wp\/v2\/media?parent=230"}],"curies":[{"name":"wp","href":"https:\/\/api.w.org\/{rel}","templated":true}]}}