{"id":201,"date":"2024-03-05T13:19:11","date_gmt":"2024-03-05T13:19:11","guid":{"rendered":"https:\/\/dr-schleicher.staging.hrnetzwerk.de\/?page_id=201"},"modified":"2024-03-05T13:19:33","modified_gmt":"2024-03-05T13:19:33","slug":"referenzen","status":"publish","type":"page","link":"https:\/\/dr-schleicher.staging.hrnetzwerk.de\/index.php\/referenzen\/","title":{"rendered":"Referenzen"},"content":{"rendered":"<p>[et_pb_section fb_built=&#8220;1&#8243; admin_label=&#8220;Hero&#8220; _builder_version=&#8220;4.19.4&#8243; background_color=&#8220;#084666&#8243; use_background_color_gradient=&#8220;on&#8220; background_color_gradient_direction=&#8220;351deg&#8220; background_color_gradient_stops=&#8220;#002e4f 1%|rgba(8,70,102,0.8) 58%&#8220; background_color_gradient_overlays_image=&#8220;on&#8220; background_color_gradient_start=&#8220;#002e4f&#8220; background_color_gradient_start_position=&#8220;1%&#8220; background_color_gradient_end=&#8220;rgba(8,70,102,0.8)&#8220; background_image=&#8220;http:\/\/dr-schleicher.staging.hrnetzwerk.de\/wp-content\/uploads\/2023\/01\/slider_see.jpg&#8220; custom_padding=&#8220;|||&#8220; global_colors_info=&#8220;{}&#8220;][et_pb_row _builder_version=&#8220;4.16&#8243; background_size=&#8220;initial&#8220; background_position=&#8220;top_left&#8220; background_repeat=&#8220;repeat&#8220; custom_padding=&#8220;27px|0px|27px|0px|false|false&#8220; global_colors_info=&#8220;{}&#8220;][et_pb_column type=&#8220;4_4&#8243; _builder_version=&#8220;4.16&#8243; custom_padding=&#8220;|||&#8220; global_colors_info=&#8220;{}&#8220; custom_padding__hover=&#8220;|||&#8220;][et_pb_text _builder_version=&#8220;4.19.4&#8243; _module_preset=&#8220;default&#8220; header_font=&#8220;|700|||||||&#8220; header_text_align=&#8220;center&#8220; header_font_size=&#8220;59px&#8220; header_letter_spacing=&#8220;1px&#8220; global_colors_info=&#8220;{}&#8220; custom_margin=&#8220;||2px|||&#8220;]<\/p>\n<h1><span style=\"color: #ffffff; font-size: xx-large;\">Referenzen<\/span><\/h1>\n<p>[\/et_pb_text][et_pb_text _builder_version=&#8220;4.19.4&#8243; _module_preset=&#8220;default&#8220; header_font=&#8220;|700|||||||&#8220; header_text_align=&#8220;center&#8220; header_font_size=&#8220;59px&#8220; header_letter_spacing=&#8220;1px&#8220; global_colors_info=&#8220;{}&#8220; custom_margin=&#8220;||2px|||&#8220;]<\/p>\n<p><span style=\"color: #ffffff; font-size: medium;\">In den zur\u00fcck liegenden Jahren wurden j\u00e4hrlich zwischen <strong>600-700 neue Projekte<\/strong> bearbeitet. Hinzukommt die Begleitung und Betreuung der Projekte aus den Vorjahren, die von der Planung in die Umsetzung gehen.\u00a0Die nachfolgende Auflistung gibt einen \u00dcberblick, der nur einen Teil der durchgef\u00fchrten Untersuchungen abdeckt.<\/span><\/p>\n<p>[\/et_pb_text][\/et_pb_column][\/et_pb_row][et_pb_row column_structure=&#8220;1_2,1_2&#8243; use_custom_gutter=&#8220;on&#8220; gutter_width=&#8220;2&#8243; _builder_version=&#8220;4.19.4&#8243; width=&#8220;100%&#8220; max_width=&#8220;1800px&#8220; global_colors_info=&#8220;{}&#8220;][et_pb_column type=&#8220;1_2&#8243; _builder_version=&#8220;4.16&#8243; custom_padding=&#8220;|||&#8220; global_colors_info=&#8220;{}&#8220; custom_padding__hover=&#8220;|||&#8220;][et_pb_text _builder_version=&#8220;4.24.2&#8243; text_font=&#8220;||||||||&#8220; text_font_size=&#8220;16px&#8220; text_line_height=&#8220;2em&#8220; header_font=&#8220;||||||||&#8220; header_3_font=&#8220;Open Sans|700|||||||&#8220; header_3_line_height=&#8220;1.6em&#8220; background_color=&#8220;#4e7c97&#8243; background_layout=&#8220;dark&#8220; custom_margin=&#8220;|||&#8220; animation_style=&#8220;fold&#8220; animation_direction=&#8220;top&#8220; hover_enabled=&#8220;0&#8243; global_colors_info=&#8220;{}&#8220; sticky_enabled=&#8220;0&#8243;]<\/p>\n<div class=\"container\">\n<div class=\"row\">\n<div class=\"col-sm-12\">\n<div class=\"ccm-custom-style-container ccm-custom-style-hauptinhalt-653\">\n<h2>Baugrunduntersuchungen<\/h2>\n<ul>\n<li>Gewerbe- und Industriebau f\u00fcr div. Kunden<\/li>\n<li>Wohnungsbau f\u00fcr div. Privatkunden \/ Architekten \/ Investoren<\/li>\n<li>Stra\u00dfen- und Br\u00fcckenbau f\u00fcr Kommunen, Landes- und Bundesbeh\u00f6rden<\/li>\n<li>Streckengutachten Bahnanlagen<\/li>\n<li>Transportleitungen \/ Pipelines f\u00fcr Energieversorger<\/li>\n<li>Verdichterstationen f\u00fcr untert\u00e4gige Gasspeicherungen<\/li>\n<li>Kraftwerksbau f\u00fcr Energieversorger<\/li>\n<li>Windenergieanlagen<\/li>\n<li>Biogasanlagen<\/li>\n<li>Umspannwerke<\/li>\n<li>Geotechnische Ursachenermittlung bei Setzungssch\u00e4den<\/li>\n<li>Bohrpl\u00e4tze f\u00fcr Erd\u00f6l-\/Erdgas\/Salzgewinnung<\/li>\n<\/ul>\n<\/div>\n<\/div>\n<\/div>\n<\/div>\n<p>[\/et_pb_text][et_pb_text _builder_version=&#8220;4.24.2&#8243; text_font=&#8220;||||||||&#8220; text_font_size=&#8220;16px&#8220; text_line_height=&#8220;2em&#8220; header_font=&#8220;||||||||&#8220; header_3_font=&#8220;Open Sans|700|||||||&#8220; header_3_line_height=&#8220;1.6em&#8220; background_color=&#8220;#080038&#8243; background_layout=&#8220;dark&#8220; custom_margin=&#8220;|||&#8220; custom_padding=&#8220;23px|30px|23px|30px|true|true&#8220; animation_style=&#8220;fold&#8220; animation_direction=&#8220;top&#8220; animation_delay=&#8220;200ms&#8220; hover_enabled=&#8220;0&#8243; global_colors_info=&#8220;{}&#8220; sticky_enabled=&#8220;0&#8243;]<\/p>\n<div class=\"container\">\n<div class=\"row\">\n<div class=\"col-sm-12\">\n<div class=\"ccm-custom-style-container ccm-custom-style-hauptinhalt-499\">\n<h2>Hydrogeologie<\/h2>\n<ul>\n<li>Versickerungsgutachten \/ Regenwasserretention f\u00fcr private und kommunale Auftraggeber<\/li>\n<li>Wasserrechtsantr\u00e4ge f\u00fcr \u00f6ffentliche und private Bauvorhaben im Rahmen von<br \/>Wasserhaltungen und den Einbau von g\u00fcte\u00fcberwachten Recyclingbaustoffen<\/li>\n<li>hydraulische Sanierungsma\u00dfnahmen f\u00fcr Privatkunden und Kommunen<\/li>\n<li>Gew\u00e4sserumbau im Rahmen der WRRL<\/li>\n<\/ul>\n<\/div>\n<\/div>\n<\/div>\n<\/div>\n<p>[\/et_pb_text][\/et_pb_column][et_pb_column type=&#8220;1_2&#8243; _builder_version=&#8220;4.16&#8243; custom_padding=&#8220;|||&#8220; global_colors_info=&#8220;{}&#8220; custom_padding__hover=&#8220;|||&#8220;][et_pb_text _builder_version=&#8220;4.24.2&#8243; text_font=&#8220;||||||||&#8220; text_font_size=&#8220;16px&#8220; text_line_height=&#8220;2em&#8220; header_font=&#8220;||||||||&#8220; header_3_font=&#8220;Open Sans|700|||||||&#8220; header_3_line_height=&#8220;1.6em&#8220; background_color=&#8220;#a2b0c1&#8243; background_layout=&#8220;dark&#8220; custom_margin=&#8220;|||&#8220; custom_padding=&#8220;23px|30px|23px|30px|true|true&#8220; animation_style=&#8220;fold&#8220; animation_direction=&#8220;top&#8220; animation_delay=&#8220;200ms&#8220; hover_enabled=&#8220;0&#8243; global_colors_info=&#8220;{}&#8220; sticky_enabled=&#8220;0&#8243;]<\/p>\n<div class=\"container\">\n<div class=\"row\">\n<div class=\"col-sm-12\">\n<h2>Geb\u00e4uder\u00fcckbau \/ Bauschadstoffe<\/h2>\n<ul>\n<li>Erarbeitung von Untersuchungskonzepten f\u00fcr den R\u00fcckbau\/Sanierung<\/li>\n<li>Untersuchung und Begleitung von Geb\u00e4uder\u00fcckbauma\u00dfnahmen unter Beachtung des Arbeitsschutzes gem. TRGS 524\/DGUV 101-004 (ehem. BGR 128) und Asbest gem. TRGS 519<\/li>\n<li>Abbruch-\/Entsorgungskonzepte f\u00fcr private und kommunale Auftraggeber<\/li>\n<li>Erstellung von Ausschreibungen f\u00fcr R\u00fcckbau- und Sanierungsma\u00dfnahmen<\/li>\n<li>gutachterliche Begleitung von R\u00fcckbauma\u00dfnahmen<\/li>\n<li>Dokumentation der fachgerechten Entsorgung von Abbruchabf\u00e4llen<\/li>\n<\/ul>\n<\/div>\n<\/div>\n<\/div>\n<p>[\/et_pb_text][et_pb_text _builder_version=&#8220;4.19.4&#8243; text_font=&#8220;||||||||&#8220; text_font_size=&#8220;16px&#8220; text_line_height=&#8220;2em&#8220; header_font=&#8220;||||||||&#8220; header_3_font=&#8220;Open Sans|700|||||||&#8220; header_3_line_height=&#8220;1.6em&#8220; background_color=&#8220;#3b6777&#8243; background_layout=&#8220;dark&#8220; custom_margin=&#8220;|||&#8220; custom_padding=&#8220;26px|33px|26px|33px|true|true&#8220; animation_style=&#8220;fold&#8220; animation_direction=&#8220;top&#8220; global_colors_info=&#8220;{}&#8220;]<\/p>\n<div class=\"container\">\n<div class=\"row\">\n<div class=\"col-sm-12\">\n<div class=\"ccm-custom-style-container ccm-custom-style-hauptinhalt-500\">\n<h2>Altlastenuntersuchungen<\/h2>\n<ul>\n<li>Revitalisierung \/ Fl\u00e4chenrecycling von Brachfl\u00e4chen (div. Textilfabriken, Metall und Holz verarbeitende Betriebe, chemische Reinigungen, Lackfabrik, Gaswerke) f\u00fcr Investoren und Kommunen<\/li>\n<li>Tanklager \/ Tankstellen \/ Transportleitungen \/ Schadensf\u00e4lle f\u00fcr Privatkunden und Erd\u00f6lindustrie<\/li>\n<li>zivile und milit\u00e4rische Schie\u00dfanlagen f\u00fcr Privatkunden und \u00f6ffentliche Hand<\/li>\n<li>Kontrollpr\u00fcfungen f\u00fcr Sekund\u00e4rrohstoffe \/ Recyclingbaustoffe f\u00fcr Baufirmen<\/li>\n<li>Entschlammung von Seen, Teichen und Bohrschlammlagern<\/li>\n<li>Ausgangszustandsberichte (AZB) gem. Industrieemissionsrichtlinie (IED) 2010\/75\/EU<\/li>\n<li>Monitoring\/Nachsorge von Sanierungsma\u00dfnahmen mit regelm\u00e4\u00dfigen Analysen und Berichten<\/li>\n<\/ul>\n<\/div>\n<\/div>\n<\/div>\n<\/div>\n<p>[\/et_pb_text][\/et_pb_column][\/et_pb_row][\/et_pb_section]<\/p>\n","protected":false},"excerpt":{"rendered":"<p>ReferenzenIn den zur\u00fcck liegenden Jahren wurden j\u00e4hrlich zwischen 600-700 neue Projekte bearbeitet. Hinzukommt die Begleitung und Betreuung der Projekte aus den Vorjahren, die von der Planung in die Umsetzung gehen.\u00a0Die nachfolgende Auflistung gibt einen \u00dcberblick, der nur einen Teil der durchgef\u00fchrten Untersuchungen abdeckt. Baugrunduntersuchungen Gewerbe- und Industriebau f\u00fcr div. Kunden Wohnungsbau f\u00fcr div. Privatkunden \/ [&hellip;]<\/p>\n","protected":false},"author":4,"featured_media":0,"parent":0,"menu_order":0,"comment_status":"closed","ping_status":"closed","template":"","meta":{"_et_pb_use_builder":"on","_et_pb_old_content":"","_et_gb_content_width":"","footnotes":""},"class_list":["post-201","page","type-page","status-publish","hentry"],"yoast_head":"<!-- This site is optimized with the Yoast SEO plugin v22.2 - https:\/\/yoast.com\/wordpress\/plugins\/seo\/ -->\n<title>Referenzen - STAGING Schleicher<\/title>\n<meta name=\"robots\" content=\"noindex, follow, max-snippet:-1, max-image-preview:large, max-video-preview:-1\" \/>\n<meta property=\"og:locale\" content=\"de_DE\" \/>\n<meta property=\"og:type\" content=\"article\" \/>\n<meta property=\"og:title\" content=\"Referenzen - STAGING Schleicher\" \/>\n<meta property=\"og:description\" content=\"ReferenzenIn den zur\u00fcck liegenden Jahren wurden j\u00e4hrlich zwischen 600-700 neue Projekte bearbeitet. Hinzukommt die Begleitung und Betreuung der Projekte aus den Vorjahren, die von der Planung in die Umsetzung gehen.\u00a0Die nachfolgende Auflistung gibt einen \u00dcberblick, der nur einen Teil der durchgef\u00fchrten Untersuchungen abdeckt. Baugrunduntersuchungen Gewerbe- und Industriebau f\u00fcr div. Kunden Wohnungsbau f\u00fcr div. Privatkunden \/ [&hellip;]\" \/>\n<meta property=\"og:url\" content=\"https:\/\/dr-schleicher.staging.hrnetzwerk.de\/index.php\/referenzen\/\" \/>\n<meta property=\"og:site_name\" content=\"STAGING Schleicher\" \/>\n<meta property=\"article:modified_time\" content=\"2024-03-05T13:19:33+00:00\" \/>\n<meta name=\"twitter:card\" content=\"summary_large_image\" \/>\n<meta name=\"twitter:label1\" content=\"Gesch\u00e4tzte Lesezeit\" \/>\n\t<meta name=\"twitter:data1\" content=\"4\u00a0Minuten\" \/>\n<script type=\"application\/ld+json\" class=\"yoast-schema-graph\">{\"@context\":\"https:\/\/schema.org\",\"@graph\":[{\"@type\":\"WebPage\",\"@id\":\"https:\/\/dr-schleicher.staging.hrnetzwerk.de\/index.php\/referenzen\/\",\"url\":\"https:\/\/dr-schleicher.staging.hrnetzwerk.de\/index.php\/referenzen\/\",\"name\":\"Referenzen - STAGING Schleicher\",\"isPartOf\":{\"@id\":\"https:\/\/dr-schleicher.staging.hrnetzwerk.de\/#website\"},\"datePublished\":\"2024-03-05T13:19:11+00:00\",\"dateModified\":\"2024-03-05T13:19:33+00:00\",\"breadcrumb\":{\"@id\":\"https:\/\/dr-schleicher.staging.hrnetzwerk.de\/index.php\/referenzen\/#breadcrumb\"},\"inLanguage\":\"de\",\"potentialAction\":[{\"@type\":\"ReadAction\",\"target\":[\"https:\/\/dr-schleicher.staging.hrnetzwerk.de\/index.php\/referenzen\/\"]}]},{\"@type\":\"BreadcrumbList\",\"@id\":\"https:\/\/dr-schleicher.staging.hrnetzwerk.de\/index.php\/referenzen\/#breadcrumb\",\"itemListElement\":[{\"@type\":\"ListItem\",\"position\":1,\"name\":\"Startseite\",\"item\":\"https:\/\/dr-schleicher.staging.hrnetzwerk.de\/\"},{\"@type\":\"ListItem\",\"position\":2,\"name\":\"Referenzen\"}]},{\"@type\":\"WebSite\",\"@id\":\"https:\/\/dr-schleicher.staging.hrnetzwerk.de\/#website\",\"url\":\"https:\/\/dr-schleicher.staging.hrnetzwerk.de\/\",\"name\":\"STAGING Schleicher\",\"description\":\"\",\"publisher\":{\"@id\":\"https:\/\/dr-schleicher.staging.hrnetzwerk.de\/#organization\"},\"potentialAction\":[{\"@type\":\"SearchAction\",\"target\":{\"@type\":\"EntryPoint\",\"urlTemplate\":\"https:\/\/dr-schleicher.staging.hrnetzwerk.de\/?s={search_term_string}\"},\"query-input\":\"required name=search_term_string\"}],\"inLanguage\":\"de\"},{\"@type\":\"Organization\",\"@id\":\"https:\/\/dr-schleicher.staging.hrnetzwerk.de\/#organization\",\"name\":\"STAGING Schleicher\",\"url\":\"https:\/\/dr-schleicher.staging.hrnetzwerk.de\/\",\"logo\":{\"@type\":\"ImageObject\",\"inLanguage\":\"de\",\"@id\":\"https:\/\/dr-schleicher.staging.hrnetzwerk.de\/#\/schema\/logo\/image\/\",\"url\":\"https:\/\/i0.wp.com\/dr-schleicher.staging.hrnetzwerk.de\/wp-content\/uploads\/2023\/01\/logo.jpg?fit=529%2C107&ssl=1\",\"contentUrl\":\"https:\/\/i0.wp.com\/dr-schleicher.staging.hrnetzwerk.de\/wp-content\/uploads\/2023\/01\/logo.jpg?fit=529%2C107&ssl=1\",\"width\":529,\"height\":107,\"caption\":\"STAGING Schleicher\"},\"image\":{\"@id\":\"https:\/\/dr-schleicher.staging.hrnetzwerk.de\/#\/schema\/logo\/image\/\"}}]}<\/script>\n<!-- \/ Yoast SEO plugin. -->","yoast_head_json":{"title":"Referenzen - STAGING Schleicher","robots":{"index":"noindex","follow":"follow","max-snippet":"max-snippet:-1","max-image-preview":"max-image-preview:large","max-video-preview":"max-video-preview:-1"},"og_locale":"de_DE","og_type":"article","og_title":"Referenzen - STAGING Schleicher","og_description":"ReferenzenIn den zur\u00fcck liegenden Jahren wurden j\u00e4hrlich zwischen 600-700 neue Projekte bearbeitet. Hinzukommt die Begleitung und Betreuung der Projekte aus den Vorjahren, die von der Planung in die Umsetzung gehen.\u00a0Die nachfolgende Auflistung gibt einen \u00dcberblick, der nur einen Teil der durchgef\u00fchrten Untersuchungen abdeckt. Baugrunduntersuchungen Gewerbe- und Industriebau f\u00fcr div. Kunden Wohnungsbau f\u00fcr div. Privatkunden \/ [&hellip;]","og_url":"https:\/\/dr-schleicher.staging.hrnetzwerk.de\/index.php\/referenzen\/","og_site_name":"STAGING Schleicher","article_modified_time":"2024-03-05T13:19:33+00:00","twitter_card":"summary_large_image","twitter_misc":{"Gesch\u00e4tzte Lesezeit":"4\u00a0Minuten"},"schema":{"@context":"https:\/\/schema.org","@graph":[{"@type":"WebPage","@id":"https:\/\/dr-schleicher.staging.hrnetzwerk.de\/index.php\/referenzen\/","url":"https:\/\/dr-schleicher.staging.hrnetzwerk.de\/index.php\/referenzen\/","name":"Referenzen - STAGING Schleicher","isPartOf":{"@id":"https:\/\/dr-schleicher.staging.hrnetzwerk.de\/#website"},"datePublished":"2024-03-05T13:19:11+00:00","dateModified":"2024-03-05T13:19:33+00:00","breadcrumb":{"@id":"https:\/\/dr-schleicher.staging.hrnetzwerk.de\/index.php\/referenzen\/#breadcrumb"},"inLanguage":"de","potentialAction":[{"@type":"ReadAction","target":["https:\/\/dr-schleicher.staging.hrnetzwerk.de\/index.php\/referenzen\/"]}]},{"@type":"BreadcrumbList","@id":"https:\/\/dr-schleicher.staging.hrnetzwerk.de\/index.php\/referenzen\/#breadcrumb","itemListElement":[{"@type":"ListItem","position":1,"name":"Startseite","item":"https:\/\/dr-schleicher.staging.hrnetzwerk.de\/"},{"@type":"ListItem","position":2,"name":"Referenzen"}]},{"@type":"WebSite","@id":"https:\/\/dr-schleicher.staging.hrnetzwerk.de\/#website","url":"https:\/\/dr-schleicher.staging.hrnetzwerk.de\/","name":"STAGING Schleicher","description":"","publisher":{"@id":"https:\/\/dr-schleicher.staging.hrnetzwerk.de\/#organization"},"potentialAction":[{"@type":"SearchAction","target":{"@type":"EntryPoint","urlTemplate":"https:\/\/dr-schleicher.staging.hrnetzwerk.de\/?s={search_term_string}"},"query-input":"required name=search_term_string"}],"inLanguage":"de"},{"@type":"Organization","@id":"https:\/\/dr-schleicher.staging.hrnetzwerk.de\/#organization","name":"STAGING Schleicher","url":"https:\/\/dr-schleicher.staging.hrnetzwerk.de\/","logo":{"@type":"ImageObject","inLanguage":"de","@id":"https:\/\/dr-schleicher.staging.hrnetzwerk.de\/#\/schema\/logo\/image\/","url":"https:\/\/i0.wp.com\/dr-schleicher.staging.hrnetzwerk.de\/wp-content\/uploads\/2023\/01\/logo.jpg?fit=529%2C107&ssl=1","contentUrl":"https:\/\/i0.wp.com\/dr-schleicher.staging.hrnetzwerk.de\/wp-content\/uploads\/2023\/01\/logo.jpg?fit=529%2C107&ssl=1","width":529,"height":107,"caption":"STAGING Schleicher"},"image":{"@id":"https:\/\/dr-schleicher.staging.hrnetzwerk.de\/#\/schema\/logo\/image\/"}}]}},"jetpack_sharing_enabled":true,"_links":{"self":[{"href":"https:\/\/dr-schleicher.staging.hrnetzwerk.de\/index.php\/wp-json\/wp\/v2\/pages\/201","targetHints":{"allow":["GET"]}}],"collection":[{"href":"https:\/\/dr-schleicher.staging.hrnetzwerk.de\/index.php\/wp-json\/wp\/v2\/pages"}],"about":[{"href":"https:\/\/dr-schleicher.staging.hrnetzwerk.de\/index.php\/wp-json\/wp\/v2\/types\/page"}],"author":[{"embeddable":true,"href":"https:\/\/dr-schleicher.staging.hrnetzwerk.de\/index.php\/wp-json\/wp\/v2\/users\/4"}],"replies":[{"embeddable":true,"href":"https:\/\/dr-schleicher.staging.hrnetzwerk.de\/index.php\/wp-json\/wp\/v2\/comments?post=201"}],"version-history":[{"count":3,"href":"https:\/\/dr-schleicher.staging.hrnetzwerk.de\/index.php\/wp-json\/wp\/v2\/pages\/201\/revisions"}],"predecessor-version":[{"id":205,"href":"https:\/\/dr-schleicher.staging.hrnetzwerk.de\/index.php\/wp-json\/wp\/v2\/pages\/201\/revisions\/205"}],"wp:attachment":[{"href":"https:\/\/dr-schleicher.staging.hrnetzwerk.de\/index.php\/wp-json\/wp\/v2\/media?parent=201"}],"curies":[{"name":"wp","href":"https:\/\/api.w.org\/{rel}","templated":true}]}}