{"id":154,"date":"2024-03-05T11:07:45","date_gmt":"2024-03-05T11:07:45","guid":{"rendered":"https:\/\/dr-schleicher.staging.hrnetzwerk.de\/?page_id=154"},"modified":"2024-03-05T11:09:17","modified_gmt":"2024-03-05T11:09:17","slug":"impressum","status":"publish","type":"page","link":"https:\/\/dr-schleicher.staging.hrnetzwerk.de\/index.php\/impressum\/","title":{"rendered":"IMPRESSUM"},"content":{"rendered":"<p>[et_pb_section fb_built=&#8220;1&#8243; _builder_version=&#8220;4.16&#8243; global_colors_info=&#8220;{}&#8220;][et_pb_row _builder_version=&#8220;4.16&#8243; background_size=&#8220;initial&#8220; background_position=&#8220;top_left&#8220; background_repeat=&#8220;repeat&#8220; custom_padding=&#8220;27px|||2px||&#8220; global_colors_info=&#8220;{}&#8220;][et_pb_column type=&#8220;4_4&#8243; _builder_version=&#8220;4.16&#8243; custom_padding=&#8220;|||&#8220; global_colors_info=&#8220;{}&#8220; custom_padding__hover=&#8220;|||&#8220;][et_pb_text _builder_version=&#8220;4.24.2&#8243; background_size=&#8220;initial&#8220; background_position=&#8220;top_left&#8220; background_repeat=&#8220;repeat&#8220; hover_enabled=&#8220;0&#8243; global_colors_info=&#8220;{}&#8220; sticky_enabled=&#8220;0&#8243;]<\/p>\n<h1 style=\"text-align: center;\">\u00a0<strong>Impressum<\/strong><\/h1>\n<div class=\"row\">\n<div class=\"col-md-12\">\n<div class=\"container\">\n<div class=\"row\">\n<div class=\"col-sm-12\">\n<h2><strong><span style=\"font-size: large;\">Angaben gem\u00e4\u00df \u00a7 5 TMG<\/span><\/strong><\/h2>\n<p>Ingenieurgesellschaft Dr. Schleicher &amp; Partner mbH<br \/>D\u00fcppelstra\u00dfe 5<br \/>48599 Gronau (Westf.)<\/p>\n<p>Handelsregister: HRB 5654<br \/>Registergericht: Amtsgericht Coesfeld<\/p>\n<p><strong>Vertreten durch die Gesch\u00e4ftsf\u00fchrer:<br \/><\/strong><\/p>\n<p><strong><\/strong>Diplom-Geologe Andreas Beunink<br \/>M.Sc. Geow. Thomas Helmes<br \/>M.Sc. Geow. Kai Nieland<\/p>\n<h2><strong><span style=\"font-size: large;\">Kontakt<\/span><\/strong><\/h2>\n<p>Telefon: +49 (0) 25 62 \/ 93 59 &#8211; 0<br \/>Telefax: +49 (0) 25 62 \/ 93 59 &#8211; 30<br \/>E-Mail: info@dr-schleicher.de<\/p>\n<h2><strong><span style=\"font-size: large;\">Umsatzsteuer-ID<\/span><\/strong><\/h2>\n<p>Umsatzsteuer-Identifikationsnummer gem\u00e4\u00df \u00a727 a Umsatzsteuergesetz:<br \/>DE 123 764 223<\/p>\n<h2><strong><span style=\"font-size: large;\">Angaben zur Berufshaftpflichtversicherung<\/span><\/strong><\/h2>\n<p><strong>Name und Sitz des Versicherers:<\/strong><br \/>HDI Versicherung AG<br \/>Huyssenallee 100<br \/>45128 Essen<\/p>\n<p><strong>Geltungsraum der Versicherung:<\/strong><br \/>Deutschland<\/p>\n<h2><strong><span style=\"font-size: large;\">Verantwortlich f\u00fcr den Inhalt nach \u00a7 55 Abs. 2 RStV<\/span><\/strong><\/h2>\n<p>Ingenieurgesellschaft Dr. Schleicher &amp; Partner mbH<br \/>D\u00fcppelstra\u00dfe 5<br \/>48599 Gronau (Westf.)<\/p>\n<h2><strong><span style=\"font-size: large;\">Streitschlichtung<\/span><\/strong><\/h2>\n<p>Die Europ\u00e4ische Kommission stellt eine Plattform zur Online-Streitbeilegung (OS) bereit: <a href=\"https:\/\/ec.europa.eu\/consumers\/odr\" target=\"_blank\" rel=\"noopener\">https:\/\/ec.europa.eu\/consumers\/odr<\/a>.<br \/>Unsere E-Mail-Adresse finden Sie oben im Impressum.<\/p>\n<p>Wir sind nicht bereit oder verpflichtet, an Streitbeilegungsverfahren vor einer Verbraucherschlichtungsstelle teilzunehmen.<\/p>\n<h3><strong><span style=\"font-size: large;\">Haftung f\u00fcr Inhalte<\/span><\/strong><\/h3>\n<p>Als Diensteanbieter sind wir gem\u00e4\u00df \u00a7 7 Abs.1 TMG f\u00fcr eigene Inhalte auf diesen Seiten nach den allgemeinen Gesetzen verantwortlich. Nach \u00a7\u00a7 8 bis 10 TMG sind wir als Diensteanbieter jedoch nicht verpflichtet, \u00fcbermittelte oder gespeicherte fremde Informationen zu \u00fcberwachen oder nach Umst\u00e4nden zu forschen, die auf eine rechtswidrige T\u00e4tigkeit hinweisen.<\/p>\n<p>Verpflichtungen zur Entfernung oder Sperrung der Nutzung von Informationen nach den allgemeinen Gesetzen bleiben hiervon unber\u00fchrt. Eine diesbez\u00fcgliche Haftung ist jedoch erst ab dem Zeitpunkt der Kenntnis einer konkreten Rechtsverletzung m\u00f6glich. Bei Bekanntwerden von entsprechenden Rechtsverletzungen werden wir diese Inhalte umgehend entfernen.<\/p>\n<h3><strong><span style=\"font-size: large;\">Haftung f\u00fcr Links<\/span><\/strong><\/h3>\n<p>Unser Angebot enth\u00e4lt Links zu externen Websites Dritter, auf deren Inhalte wir keinen Einfluss haben. Deshalb k\u00f6nnen wir f\u00fcr diese fremden Inhalte auch keine Gew\u00e4hr \u00fcbernehmen. F\u00fcr die Inhalte der verlinkten Seiten ist stets der jeweilige Anbieter oder Betreiber der Seiten verantwortlich. Die verlinkten Seiten wurden zum Zeitpunkt der Verlinkung auf m\u00f6gliche Rechtsverst\u00f6\u00dfe \u00fcberpr\u00fcft. Rechtswidrige Inhalte waren zum Zeitpunkt der Verlinkung nicht erkennbar.<\/p>\n<p>Eine permanente inhaltliche Kontrolle der verlinkten Seiten ist jedoch ohne konkrete Anhaltspunkte einer Rechtsverletzung nicht zumutbar. Bei Bekanntwerden von Rechtsverletzungen werden wir derartige Links umgehend entfernen.<\/p>\n<h3><strong><span style=\"font-size: large;\">Urheberrecht<\/span><\/strong><\/h3>\n<p>Die durch die Seitenbetreiber erstellten Inhalte und Werke auf diesen Seiten unterliegen dem deutschen Urheberrecht. Die Vervielf\u00e4ltigung, Bearbeitung, Verbreitung und jede Art der Verwertung au\u00dferhalb der Grenzen des Urheberrechtes bed\u00fcrfen der schriftlichen Zustimmung des jeweiligen Autors bzw. Erstellers. Downloads und Kopien dieser Seite sind nur f\u00fcr den privaten, nicht kommerziellen Gebrauch gestattet.<\/p>\n<p>Soweit die Inhalte auf dieser Seite nicht vom Betreiber erstellt wurden, werden die Urheberrechte Dritter beachtet. Insbesondere werden Inhalte Dritter als solche gekennzeichnet. Sollten Sie trotzdem auf eine Urheberrechtsverletzung aufmerksam werden, bitten wir um einen entsprechenden Hinweis. Bei Bekanntwerden von Rechtsverletzungen werden wir derartige Inhalte umgehend entfernen.<\/p>\n<p>&nbsp;<\/p>\n<p><span style=\"color: #333333;\"><strong><span style=\"font-size: large;\">Kontaktformular<\/span><\/strong><\/span><\/p>\n<p>Wenn Sie uns per Kontaktformular Anfragen zukommen lassen, werden Ihre Angaben aus dem Anfrageformular inklusive der von Ihnen dort angegebenen Kontaktdaten zwecks Bearbeitung der Anfrage und f\u00fcr den Fall von Anschlussfragen bei uns gespeichert. Diese Daten geben wir nicht ohne Ihre Einwilligung weiter.<\/p>\n<p><span style=\"color: #3a3a3a; font-size: large;\"><strong>Widerspruch Werbe-Mails<\/strong><\/span><\/p>\n<p>Der Nutzung von im Rahmen der Impressumspflicht ver\u00f6ffentlichten Kontaktdaten zur \u00dcbersendung von nicht ausdr\u00fccklich angeforderter Werbung und Informationsmaterialien wird hiermit widersprochen. Die Betreiber der Seiten behalten sich ausdr\u00fccklich rechtliche Schritte im Falle der unverlangten Zusendung <span style=\"color: #000000;\">von Werbeinformationen, etwa durch Spam-E-Mails, vor.<\/span><\/p>\n<p><b><span style=\"color: #444444;\">Konzept, Idee und Umsetzung:<\/span><br \/><\/b>Diese Internetpr\u00e4senz wurde erstellt von der <a title=\"BLmedia - Die Profis f\u00fcr Internet und digitale Medien aus dem M\u00fcnsterland\" href=\"http:\/\/www.blmedia.de\/\" target=\"_blank\" rel=\"noopener\">BLmedia GmbH<\/a>.<\/p>\n<p><span style=\"color: #474747;\"><b>Sonstige Hinweise:<\/b><\/span><\/p>\n<p>Einzelne Fotos stammen aus dem Fotoarchiv <a href=\"http:\/\/www.photocase.com\/\" target=\"_blank\" rel=\"noopener\">http:\/\/www.photocase.com\/<\/a> (Fotographen: Gerti G., Janine Wittig, AndreasF., rebealk, etc) sowie shutterstock.com.<\/p>\n<p>&nbsp;<\/p>\n<\/div>\n<\/div>\n<\/div>\n<\/div>\n<\/div>\n<p>&nbsp;<\/p>\n<p>&nbsp;<\/p>\n<p>&nbsp;<\/p>\n<p>&nbsp;<\/p>\n<p>&nbsp;<\/p>\n<p>&nbsp;<\/p>\n<p>&nbsp;<\/p>\n<p><!-- \/divi:paragraph -->[\/et_pb_text][\/et_pb_column][\/et_pb_row][\/et_pb_section]<\/p>\n","protected":false},"excerpt":{"rendered":"<p>\u00a0Impressum Angaben gem\u00e4\u00df \u00a7 5 TMG Ingenieurgesellschaft Dr. Schleicher &amp; Partner mbHD\u00fcppelstra\u00dfe 548599 Gronau (Westf.) Handelsregister: HRB 5654Registergericht: Amtsgericht Coesfeld Vertreten durch die Gesch\u00e4ftsf\u00fchrer: Diplom-Geologe Andreas BeuninkM.Sc. Geow. Thomas HelmesM.Sc. Geow. Kai Nieland Kontakt Telefon: +49 (0) 25 62 \/ 93 59 &#8211; 0Telefax: +49 (0) 25 62 \/ 93 59 &#8211; 30E-Mail: info@dr-schleicher.de Umsatzsteuer-ID [&hellip;]<\/p>\n","protected":false},"author":4,"featured_media":0,"parent":0,"menu_order":0,"comment_status":"closed","ping_status":"closed","template":"","meta":{"_et_pb_use_builder":"on","_et_pb_old_content":"","_et_gb_content_width":"","footnotes":""},"class_list":["post-154","page","type-page","status-publish","hentry"],"yoast_head":"<!-- This site is optimized with the Yoast SEO plugin v22.2 - https:\/\/yoast.com\/wordpress\/plugins\/seo\/ -->\n<title>IMPRESSUM - STAGING Schleicher<\/title>\n<meta name=\"robots\" content=\"noindex, follow, max-snippet:-1, max-image-preview:large, max-video-preview:-1\" \/>\n<meta property=\"og:locale\" content=\"de_DE\" \/>\n<meta property=\"og:type\" content=\"article\" \/>\n<meta property=\"og:title\" content=\"IMPRESSUM - STAGING Schleicher\" \/>\n<meta property=\"og:description\" content=\"\u00a0Impressum Angaben gem\u00e4\u00df \u00a7 5 TMG Ingenieurgesellschaft Dr. Schleicher &amp; Partner mbHD\u00fcppelstra\u00dfe 548599 Gronau (Westf.) Handelsregister: HRB 5654Registergericht: Amtsgericht Coesfeld Vertreten durch die Gesch\u00e4ftsf\u00fchrer: Diplom-Geologe Andreas BeuninkM.Sc. Geow. Thomas HelmesM.Sc. Geow. Kai Nieland Kontakt Telefon: +49 (0) 25 62 \/ 93 59 - 0Telefax: +49 (0) 25 62 \/ 93 59 - 30E-Mail: info@dr-schleicher.de Umsatzsteuer-ID [&hellip;]\" \/>\n<meta property=\"og:url\" content=\"https:\/\/dr-schleicher.staging.hrnetzwerk.de\/index.php\/impressum\/\" \/>\n<meta property=\"og:site_name\" content=\"STAGING Schleicher\" \/>\n<meta property=\"article:modified_time\" content=\"2024-03-05T11:09:17+00:00\" \/>\n<meta name=\"twitter:card\" content=\"summary_large_image\" \/>\n<meta name=\"twitter:label1\" content=\"Gesch\u00e4tzte Lesezeit\" \/>\n\t<meta name=\"twitter:data1\" content=\"3\u00a0Minuten\" \/>\n<script type=\"application\/ld+json\" class=\"yoast-schema-graph\">{\"@context\":\"https:\/\/schema.org\",\"@graph\":[{\"@type\":\"WebPage\",\"@id\":\"https:\/\/dr-schleicher.staging.hrnetzwerk.de\/index.php\/impressum\/\",\"url\":\"https:\/\/dr-schleicher.staging.hrnetzwerk.de\/index.php\/impressum\/\",\"name\":\"IMPRESSUM - STAGING Schleicher\",\"isPartOf\":{\"@id\":\"https:\/\/dr-schleicher.staging.hrnetzwerk.de\/#website\"},\"datePublished\":\"2024-03-05T11:07:45+00:00\",\"dateModified\":\"2024-03-05T11:09:17+00:00\",\"breadcrumb\":{\"@id\":\"https:\/\/dr-schleicher.staging.hrnetzwerk.de\/index.php\/impressum\/#breadcrumb\"},\"inLanguage\":\"de\",\"potentialAction\":[{\"@type\":\"ReadAction\",\"target\":[\"https:\/\/dr-schleicher.staging.hrnetzwerk.de\/index.php\/impressum\/\"]}]},{\"@type\":\"BreadcrumbList\",\"@id\":\"https:\/\/dr-schleicher.staging.hrnetzwerk.de\/index.php\/impressum\/#breadcrumb\",\"itemListElement\":[{\"@type\":\"ListItem\",\"position\":1,\"name\":\"Startseite\",\"item\":\"https:\/\/dr-schleicher.staging.hrnetzwerk.de\/\"},{\"@type\":\"ListItem\",\"position\":2,\"name\":\"IMPRESSUM\"}]},{\"@type\":\"WebSite\",\"@id\":\"https:\/\/dr-schleicher.staging.hrnetzwerk.de\/#website\",\"url\":\"https:\/\/dr-schleicher.staging.hrnetzwerk.de\/\",\"name\":\"STAGING Schleicher\",\"description\":\"\",\"publisher\":{\"@id\":\"https:\/\/dr-schleicher.staging.hrnetzwerk.de\/#organization\"},\"potentialAction\":[{\"@type\":\"SearchAction\",\"target\":{\"@type\":\"EntryPoint\",\"urlTemplate\":\"https:\/\/dr-schleicher.staging.hrnetzwerk.de\/?s={search_term_string}\"},\"query-input\":\"required name=search_term_string\"}],\"inLanguage\":\"de\"},{\"@type\":\"Organization\",\"@id\":\"https:\/\/dr-schleicher.staging.hrnetzwerk.de\/#organization\",\"name\":\"STAGING Schleicher\",\"url\":\"https:\/\/dr-schleicher.staging.hrnetzwerk.de\/\",\"logo\":{\"@type\":\"ImageObject\",\"inLanguage\":\"de\",\"@id\":\"https:\/\/dr-schleicher.staging.hrnetzwerk.de\/#\/schema\/logo\/image\/\",\"url\":\"https:\/\/i0.wp.com\/dr-schleicher.staging.hrnetzwerk.de\/wp-content\/uploads\/2023\/01\/logo.jpg?fit=529%2C107&ssl=1\",\"contentUrl\":\"https:\/\/i0.wp.com\/dr-schleicher.staging.hrnetzwerk.de\/wp-content\/uploads\/2023\/01\/logo.jpg?fit=529%2C107&ssl=1\",\"width\":529,\"height\":107,\"caption\":\"STAGING Schleicher\"},\"image\":{\"@id\":\"https:\/\/dr-schleicher.staging.hrnetzwerk.de\/#\/schema\/logo\/image\/\"}}]}<\/script>\n<!-- \/ Yoast SEO plugin. -->","yoast_head_json":{"title":"IMPRESSUM - STAGING Schleicher","robots":{"index":"noindex","follow":"follow","max-snippet":"max-snippet:-1","max-image-preview":"max-image-preview:large","max-video-preview":"max-video-preview:-1"},"og_locale":"de_DE","og_type":"article","og_title":"IMPRESSUM - STAGING Schleicher","og_description":"\u00a0Impressum Angaben gem\u00e4\u00df \u00a7 5 TMG Ingenieurgesellschaft Dr. Schleicher &amp; Partner mbHD\u00fcppelstra\u00dfe 548599 Gronau (Westf.) Handelsregister: HRB 5654Registergericht: Amtsgericht Coesfeld Vertreten durch die Gesch\u00e4ftsf\u00fchrer: Diplom-Geologe Andreas BeuninkM.Sc. Geow. Thomas HelmesM.Sc. Geow. Kai Nieland Kontakt Telefon: +49 (0) 25 62 \/ 93 59 - 0Telefax: +49 (0) 25 62 \/ 93 59 - 30E-Mail: info@dr-schleicher.de Umsatzsteuer-ID [&hellip;]","og_url":"https:\/\/dr-schleicher.staging.hrnetzwerk.de\/index.php\/impressum\/","og_site_name":"STAGING Schleicher","article_modified_time":"2024-03-05T11:09:17+00:00","twitter_card":"summary_large_image","twitter_misc":{"Gesch\u00e4tzte Lesezeit":"3\u00a0Minuten"},"schema":{"@context":"https:\/\/schema.org","@graph":[{"@type":"WebPage","@id":"https:\/\/dr-schleicher.staging.hrnetzwerk.de\/index.php\/impressum\/","url":"https:\/\/dr-schleicher.staging.hrnetzwerk.de\/index.php\/impressum\/","name":"IMPRESSUM - STAGING Schleicher","isPartOf":{"@id":"https:\/\/dr-schleicher.staging.hrnetzwerk.de\/#website"},"datePublished":"2024-03-05T11:07:45+00:00","dateModified":"2024-03-05T11:09:17+00:00","breadcrumb":{"@id":"https:\/\/dr-schleicher.staging.hrnetzwerk.de\/index.php\/impressum\/#breadcrumb"},"inLanguage":"de","potentialAction":[{"@type":"ReadAction","target":["https:\/\/dr-schleicher.staging.hrnetzwerk.de\/index.php\/impressum\/"]}]},{"@type":"BreadcrumbList","@id":"https:\/\/dr-schleicher.staging.hrnetzwerk.de\/index.php\/impressum\/#breadcrumb","itemListElement":[{"@type":"ListItem","position":1,"name":"Startseite","item":"https:\/\/dr-schleicher.staging.hrnetzwerk.de\/"},{"@type":"ListItem","position":2,"name":"IMPRESSUM"}]},{"@type":"WebSite","@id":"https:\/\/dr-schleicher.staging.hrnetzwerk.de\/#website","url":"https:\/\/dr-schleicher.staging.hrnetzwerk.de\/","name":"STAGING Schleicher","description":"","publisher":{"@id":"https:\/\/dr-schleicher.staging.hrnetzwerk.de\/#organization"},"potentialAction":[{"@type":"SearchAction","target":{"@type":"EntryPoint","urlTemplate":"https:\/\/dr-schleicher.staging.hrnetzwerk.de\/?s={search_term_string}"},"query-input":"required name=search_term_string"}],"inLanguage":"de"},{"@type":"Organization","@id":"https:\/\/dr-schleicher.staging.hrnetzwerk.de\/#organization","name":"STAGING Schleicher","url":"https:\/\/dr-schleicher.staging.hrnetzwerk.de\/","logo":{"@type":"ImageObject","inLanguage":"de","@id":"https:\/\/dr-schleicher.staging.hrnetzwerk.de\/#\/schema\/logo\/image\/","url":"https:\/\/i0.wp.com\/dr-schleicher.staging.hrnetzwerk.de\/wp-content\/uploads\/2023\/01\/logo.jpg?fit=529%2C107&ssl=1","contentUrl":"https:\/\/i0.wp.com\/dr-schleicher.staging.hrnetzwerk.de\/wp-content\/uploads\/2023\/01\/logo.jpg?fit=529%2C107&ssl=1","width":529,"height":107,"caption":"STAGING Schleicher"},"image":{"@id":"https:\/\/dr-schleicher.staging.hrnetzwerk.de\/#\/schema\/logo\/image\/"}}]}},"jetpack_sharing_enabled":true,"_links":{"self":[{"href":"https:\/\/dr-schleicher.staging.hrnetzwerk.de\/index.php\/wp-json\/wp\/v2\/pages\/154","targetHints":{"allow":["GET"]}}],"collection":[{"href":"https:\/\/dr-schleicher.staging.hrnetzwerk.de\/index.php\/wp-json\/wp\/v2\/pages"}],"about":[{"href":"https:\/\/dr-schleicher.staging.hrnetzwerk.de\/index.php\/wp-json\/wp\/v2\/types\/page"}],"author":[{"embeddable":true,"href":"https:\/\/dr-schleicher.staging.hrnetzwerk.de\/index.php\/wp-json\/wp\/v2\/users\/4"}],"replies":[{"embeddable":true,"href":"https:\/\/dr-schleicher.staging.hrnetzwerk.de\/index.php\/wp-json\/wp\/v2\/comments?post=154"}],"version-history":[{"count":6,"href":"https:\/\/dr-schleicher.staging.hrnetzwerk.de\/index.php\/wp-json\/wp\/v2\/pages\/154\/revisions"}],"predecessor-version":[{"id":162,"href":"https:\/\/dr-schleicher.staging.hrnetzwerk.de\/index.php\/wp-json\/wp\/v2\/pages\/154\/revisions\/162"}],"wp:attachment":[{"href":"https:\/\/dr-schleicher.staging.hrnetzwerk.de\/index.php\/wp-json\/wp\/v2\/media?parent=154"}],"curies":[{"name":"wp","href":"https:\/\/api.w.org\/{rel}","templated":true}]}}